{"id":358,"date":"2017-08-20T15:34:35","date_gmt":"2017-08-20T13:34:35","guid":{"rendered":"http:\/\/www.franciskani.si\/zbf\/?post_type=product&#038;p=358"},"modified":"2017-08-20T15:34:35","modified_gmt":"2017-08-20T13:34:35","slug":"misli-domacega-zupnika","status":"publish","type":"product","link":"https:\/\/www.franciskani.si\/zbf\/izdelek\/misli-domacega-zupnika\/","title":{"rendered":"Misli doma\u010dega \u017eupnika"},"content":{"rendered":"<p><strong>Zdravko Jakop OFM<\/strong><\/p>\n<p>Ljubljana, 2011<\/p>\n<p>Kvaliteta na\u0161ega \u017eivljenja ni odvisna od \u0161tevila izku\u0161enj, do\u017eivetij, sre\u010danj, telefonskih klicev, obiskov, potovanj \u2026 Pomembno je, da je vsak trenutek ovrednoten, ker je edinstven in neponovljiv. Biti gospodar \u010dasa pomeni, da ne \u010dakamo, kaj bo za nas naredil \u010das, ampak kaj bomo mi naredili s \u010dasom. \u010cas je milost. \u010ce bomo odkrili globlji pomeni \u010dasa ter njegovo moralno vrednost in svetost, se bomo izognili pastem nemira, zmede in depresije. (odlomek)<\/p>\n<p>Format: 14,5 x 18,5 cm, trda vezava<\/p>\n<p>Obseg: 70 str.<\/p>\n<p>ISBN 978-961-6326-96-4<\/p>\n","protected":false},"excerpt":{"rendered":"<p>Zdravko Jakop OFM Ljubljana, 2011 Kvaliteta na\u0161ega \u017eivljenja ni odvisna od \u0161tevila izku\u0161enj, do\u017eivetij, sre\u010danj, telefonskih klicev, obiskov, potovanj \u2026 Pomembno je, da je vsak trenutek ovrednoten, ker je edinstven in neponovljiv. Biti gospodar \u010dasa pomeni, da ne \u010dakamo, kaj bo za nas naredil \u010das, ampak kaj bomo mi naredili s \u010dasom. \u010cas je milost. [&hellip;]<\/p>\n","protected":false},"featured_media":359,"comment_status":"open","ping_status":"closed","template":"","meta":[],"product_brand":[],"product_cat":[36],"product_tag":[53],"class_list":{"0":"post-358","1":"product","2":"type-product","3":"status-publish","4":"has-post-thumbnail","6":"product_cat-zunaj-zbirk","7":"product_tag-zdravko-jakop-ofm","9":"first","10":"instock","11":"taxable","12":"shipping-taxable","13":"purchasable","14":"product-type-simple"},"_links":{"self":[{"href":"https:\/\/www.franciskani.si\/zbf\/wp-json\/wp\/v2\/product\/358","targetHints":{"allow":["GET"]}}],"collection":[{"href":"https:\/\/www.franciskani.si\/zbf\/wp-json\/wp\/v2\/product"}],"about":[{"href":"https:\/\/www.franciskani.si\/zbf\/wp-json\/wp\/v2\/types\/product"}],"replies":[{"embeddable":true,"href":"https:\/\/www.franciskani.si\/zbf\/wp-json\/wp\/v2\/comments?post=358"}],"wp:featuredmedia":[{"embeddable":true,"href":"https:\/\/www.franciskani.si\/zbf\/wp-json\/wp\/v2\/media\/359"}],"wp:attachment":[{"href":"https:\/\/www.franciskani.si\/zbf\/wp-json\/wp\/v2\/media?parent=358"}],"wp:term":[{"taxonomy":"product_brand","embeddable":true,"href":"https:\/\/www.franciskani.si\/zbf\/wp-json\/wp\/v2\/product_brand?post=358"},{"taxonomy":"product_cat","embeddable":true,"href":"https:\/\/www.franciskani.si\/zbf\/wp-json\/wp\/v2\/product_cat?post=358"},{"taxonomy":"product_tag","embeddable":true,"href":"https:\/\/www.franciskani.si\/zbf\/wp-json\/wp\/v2\/product_tag?post=358"}],"curies":[{"name":"wp","href":"https:\/\/api.w.org\/{rel}","templated":true}]}}