{"id":360,"date":"2017-08-20T15:36:17","date_gmt":"2017-08-20T13:36:17","guid":{"rendered":"http:\/\/www.franciskani.si\/zbf\/?post_type=product&#038;p=360"},"modified":"2017-08-20T15:36:18","modified_gmt":"2017-08-20T13:36:18","slug":"nazarje-slovenski-nazaret","status":"publish","type":"product","link":"https:\/\/www.franciskani.si\/zbf\/izdelek\/nazarje-slovenski-nazaret\/","title":{"rendered":"Nazarje &#8211; Slovenski Nazaret"},"content":{"rendered":"<p><strong>Franc Kov\u0161e OFM<\/strong> &#8211; <strong>Ambro\u017e Mu\u0161i\u010d OFM<\/strong> (ur.)<\/p>\n<p>Ljubljana, 2007<\/p>\n<p>Ob izbranih slikah iz preteklosti in izvrstnih fotografijah iz sedanjosti ter z besedili ve\u010dih avtorjev stopajo pred nas cerkev in dva samostana na nazarskem gri\u010du. Na kratko zvemo o zgodovini fran\u010di\u0161kanskega reda, pa o Marijini hi\u0161i v Nazaretu ter o tej isti hi\u0161i v italijanskem Loretu, potem pa predvsem o slovenskem sveti\u0161\u010du s skoraj istim imenom in o delovanju bratov na raznih podro\u010djih, zlasti verskem in \u0161olskem, saj je v samostanu dolgo let delovala prva \u0161ola v teh krajih. Knjigo dopolnjuje seznam vseh fran\u010di\u0161kanov, ki so delovali v tem samostanu do danes.<\/p>\n<p>Format: 20&#215;27 cm, bro\u0161irano;<\/p>\n<p>Obseg: 144 str.<\/p>\n<p>ISBN 978-961-6326-52-0<\/p>\n","protected":false},"excerpt":{"rendered":"<p>Franc Kov\u0161e OFM &#8211; Ambro\u017e Mu\u0161i\u010d OFM (ur.) Ljubljana, 2007 Ob izbranih slikah iz preteklosti in izvrstnih fotografijah iz sedanjosti ter z besedili ve\u010dih avtorjev stopajo pred nas cerkev in dva samostana na nazarskem gri\u010du. Na kratko zvemo o zgodovini fran\u010di\u0161kanskega reda, pa o Marijini hi\u0161i v Nazaretu ter o tej isti hi\u0161i v italijanskem [&hellip;]<\/p>\n","protected":false},"featured_media":361,"comment_status":"open","ping_status":"closed","template":"","meta":[],"product_brand":[],"product_cat":[36],"product_tag":[105,104],"class_list":{"0":"post-360","1":"product","2":"type-product","3":"status-publish","4":"has-post-thumbnail","6":"product_cat-zunaj-zbirk","7":"product_tag-ambroz-music-ofm","8":"product_tag-franc-kovse-ofm","10":"first","11":"instock","12":"taxable","13":"shipping-taxable","14":"purchasable","15":"product-type-simple"},"_links":{"self":[{"href":"https:\/\/www.franciskani.si\/zbf\/wp-json\/wp\/v2\/product\/360","targetHints":{"allow":["GET"]}}],"collection":[{"href":"https:\/\/www.franciskani.si\/zbf\/wp-json\/wp\/v2\/product"}],"about":[{"href":"https:\/\/www.franciskani.si\/zbf\/wp-json\/wp\/v2\/types\/product"}],"replies":[{"embeddable":true,"href":"https:\/\/www.franciskani.si\/zbf\/wp-json\/wp\/v2\/comments?post=360"}],"wp:featuredmedia":[{"embeddable":true,"href":"https:\/\/www.franciskani.si\/zbf\/wp-json\/wp\/v2\/media\/361"}],"wp:attachment":[{"href":"https:\/\/www.franciskani.si\/zbf\/wp-json\/wp\/v2\/media?parent=360"}],"wp:term":[{"taxonomy":"product_brand","embeddable":true,"href":"https:\/\/www.franciskani.si\/zbf\/wp-json\/wp\/v2\/product_brand?post=360"},{"taxonomy":"product_cat","embeddable":true,"href":"https:\/\/www.franciskani.si\/zbf\/wp-json\/wp\/v2\/product_cat?post=360"},{"taxonomy":"product_tag","embeddable":true,"href":"https:\/\/www.franciskani.si\/zbf\/wp-json\/wp\/v2\/product_tag?post=360"}],"curies":[{"name":"wp","href":"https:\/\/api.w.org\/{rel}","templated":true}]}}