{"id":362,"date":"2017-08-20T15:37:30","date_gmt":"2017-08-20T13:37:30","guid":{"rendered":"http:\/\/www.franciskani.si\/zbf\/?post_type=product&#038;p=362"},"modified":"2017-08-25T22:43:53","modified_gmt":"2017-08-25T20:43:53","slug":"nazarje-zgodovinska-pricevanja","status":"publish","type":"product","link":"https:\/\/www.franciskani.si\/zbf\/izdelek\/nazarje-zgodovinska-pricevanja\/","title":{"rendered":"Nazarje \u2013 zgodovinska pri\u010devanja"},"content":{"rendered":"<p><strong>Franc Kov\u0161e OFM<\/strong><\/p>\n<p>Ljubljana, 2008<\/p>\n<p>V knjigi, ki oblikovno in vsebinsko nadaljuje Nazarje \u2013 slovenski Nazaret, sledimo pri\u010devanjem od \u0161kofa Toma\u017ea Hrena, ki je dal postaviti kapelico na vrhu hriba, pa do Maksa Turn\u0161ka, ki je skrbel za samostan in cerkev, ko so bili bratje pregnani med drugo svetovno vojno. Predstavljeni so tudi vsi bratje, ki so delovali v zadnjem \u010dasu in tiste zanimive in srhljive samostanske zgodbe &#8230;<\/p>\n<p>ISBN 978-961-6326-70-4<\/p>\n<p>Format: 20 x 27 cm, bro\u0161irano, 104 strani<\/p>\n","protected":false},"excerpt":{"rendered":"<p>Franc Kov\u0161e OFM Ljubljana, 2008 V knjigi, ki oblikovno in vsebinsko nadaljuje Nazarje \u2013 slovenski Nazaret, sledimo pri\u010devanjem od \u0161kofa Toma\u017ea Hrena, ki je dal postaviti kapelico na vrhu hriba, pa do Maksa Turn\u0161ka, ki je skrbel za samostan in cerkev, ko so bili bratje pregnani med drugo svetovno vojno. Predstavljeni so tudi vsi bratje, [&hellip;]<\/p>\n","protected":false},"featured_media":363,"comment_status":"open","ping_status":"closed","template":"","meta":[],"product_brand":[],"product_cat":[117,36],"product_tag":[104],"class_list":{"0":"post-362","1":"product","2":"type-product","3":"status-publish","4":"has-post-thumbnail","6":"product_cat-razprodano","7":"product_cat-zunaj-zbirk","8":"product_tag-franc-kovse-ofm","10":"first","11":"outofstock","12":"taxable","13":"shipping-taxable","14":"purchasable","15":"product-type-simple"},"_links":{"self":[{"href":"https:\/\/www.franciskani.si\/zbf\/wp-json\/wp\/v2\/product\/362","targetHints":{"allow":["GET"]}}],"collection":[{"href":"https:\/\/www.franciskani.si\/zbf\/wp-json\/wp\/v2\/product"}],"about":[{"href":"https:\/\/www.franciskani.si\/zbf\/wp-json\/wp\/v2\/types\/product"}],"replies":[{"embeddable":true,"href":"https:\/\/www.franciskani.si\/zbf\/wp-json\/wp\/v2\/comments?post=362"}],"wp:featuredmedia":[{"embeddable":true,"href":"https:\/\/www.franciskani.si\/zbf\/wp-json\/wp\/v2\/media\/363"}],"wp:attachment":[{"href":"https:\/\/www.franciskani.si\/zbf\/wp-json\/wp\/v2\/media?parent=362"}],"wp:term":[{"taxonomy":"product_brand","embeddable":true,"href":"https:\/\/www.franciskani.si\/zbf\/wp-json\/wp\/v2\/product_brand?post=362"},{"taxonomy":"product_cat","embeddable":true,"href":"https:\/\/www.franciskani.si\/zbf\/wp-json\/wp\/v2\/product_cat?post=362"},{"taxonomy":"product_tag","embeddable":true,"href":"https:\/\/www.franciskani.si\/zbf\/wp-json\/wp\/v2\/product_tag?post=362"}],"curies":[{"name":"wp","href":"https:\/\/api.w.org\/{rel}","templated":true}]}}