{"id":364,"date":"2017-08-20T15:39:06","date_gmt":"2017-08-20T13:39:06","guid":{"rendered":"http:\/\/www.franciskani.si\/zbf\/?post_type=product&#038;p=364"},"modified":"2017-08-20T15:39:06","modified_gmt":"2017-08-20T13:39:06","slug":"pod-presercem","status":"publish","type":"product","link":"https:\/\/www.franciskani.si\/zbf\/izdelek\/pod-presercem\/","title":{"rendered":"Pod Pre\u0161ercem"},"content":{"rendered":"<p><strong>Andra\u017e Arko OFM <\/strong>in <strong>Jan Dominik Bogataj<\/strong><\/p>\n<p><em>Satiri\u010dna saga o domoljubju<\/em><\/p>\n<p>Ljubljana 2010<\/p>\n<p>Saj vsi poznamo duhamorne proslave z dolgo\u010dasnimi recitacijami, ko \u010dlovek ne ve, ali bi zaspal ali pa bi se najraje kar razblinil. Pa tudi tiste proslave so nam znane, ko re\u017eiserji zgolj za to, da bi osupnili publiko, uporabijo najbolj nemogo\u010de in \u0161okantne prijeme in bi zgro\u017eeni tudi najraje zapustili dvorano. V tej knji\u017eici pa je primer Pre\u0161ernove proslave, kjer celo srednje\u0161olci na koncu vzklikajo: \u201c\u0160E!\u201d potem ko so se med njo krepko nasmejali in obenem tudi o marsi\u010dem pou\u010dili. Bi si torej upali \u0161e vi stopiti pod Pre\u0161erca?<\/p>\n<p>Knjiga je iz\u0161la v letu, ko je Ljubljana svetovna prestolnica knjige, in \u010deprav nismo zaprosili za podporo, jo ponujamo za 3 evre. \u010ce bo potrebno, jo bomo \u0161e ponatisnili.<\/p>\n<p>Format: 15 x 21 cm, bro\u0161irano, 80 strani<\/p>\n<p>ISBN 978-961-6326-85-8<\/p>\n","protected":false},"excerpt":{"rendered":"<p>Andra\u017e Arko OFM in Jan Dominik Bogataj Satiri\u010dna saga o domoljubju Ljubljana 2010 Saj vsi poznamo duhamorne proslave z dolgo\u010dasnimi recitacijami, ko \u010dlovek ne ve, ali bi zaspal ali pa bi se najraje kar razblinil. Pa tudi tiste proslave so nam znane, ko re\u017eiserji zgolj za to, da bi osupnili publiko, uporabijo najbolj nemogo\u010de in [&hellip;]<\/p>\n","protected":false},"featured_media":365,"comment_status":"open","ping_status":"closed","template":"","meta":[],"product_brand":[],"product_cat":[36],"product_tag":[59,86],"class_list":{"0":"post-364","1":"product","2":"type-product","3":"status-publish","4":"has-post-thumbnail","6":"product_cat-zunaj-zbirk","7":"product_tag-andraz-arko-ofm","8":"product_tag-jan-dominik-bogataj-ofm","10":"first","11":"instock","12":"taxable","13":"shipping-taxable","14":"purchasable","15":"product-type-simple"},"_links":{"self":[{"href":"https:\/\/www.franciskani.si\/zbf\/wp-json\/wp\/v2\/product\/364","targetHints":{"allow":["GET"]}}],"collection":[{"href":"https:\/\/www.franciskani.si\/zbf\/wp-json\/wp\/v2\/product"}],"about":[{"href":"https:\/\/www.franciskani.si\/zbf\/wp-json\/wp\/v2\/types\/product"}],"replies":[{"embeddable":true,"href":"https:\/\/www.franciskani.si\/zbf\/wp-json\/wp\/v2\/comments?post=364"}],"wp:featuredmedia":[{"embeddable":true,"href":"https:\/\/www.franciskani.si\/zbf\/wp-json\/wp\/v2\/media\/365"}],"wp:attachment":[{"href":"https:\/\/www.franciskani.si\/zbf\/wp-json\/wp\/v2\/media?parent=364"}],"wp:term":[{"taxonomy":"product_brand","embeddable":true,"href":"https:\/\/www.franciskani.si\/zbf\/wp-json\/wp\/v2\/product_brand?post=364"},{"taxonomy":"product_cat","embeddable":true,"href":"https:\/\/www.franciskani.si\/zbf\/wp-json\/wp\/v2\/product_cat?post=364"},{"taxonomy":"product_tag","embeddable":true,"href":"https:\/\/www.franciskani.si\/zbf\/wp-json\/wp\/v2\/product_tag?post=364"}],"curies":[{"name":"wp","href":"https:\/\/api.w.org\/{rel}","templated":true}]}}