{"id":366,"date":"2017-08-20T15:40:45","date_gmt":"2017-08-20T13:40:45","guid":{"rendered":"http:\/\/www.franciskani.si\/zbf\/?post_type=product&#038;p=366"},"modified":"2021-09-02T13:56:02","modified_gmt":"2021-09-02T11:56:02","slug":"podest-zivljenja","status":"publish","type":"product","link":"https:\/\/www.franciskani.si\/zbf\/izdelek\/podest-zivljenja\/","title":{"rendered":"Podest \u017eivljenja"},"content":{"rendered":"<p>RAZPRODANO! RAZPRODANO! RAZPRODANO! RAZPRODANO! RAZPRODANO! RAZPRODANO!<\/p>\n<p><strong>Stane Zore OFM<\/strong><\/p>\n<p>Ljubljana, 2010<\/p>\n<p>Stane Zore (* 1958, Sela pri Kamniku) je 1978 po letu noviciata vstopil v red manj\u0161ih bratov, k fran\u010di\u0161kanom. \u0160olal se je na Teolo\u0161ki fakulteti v Ljubljani in po duhovni\u0161kem posve\u010denju 1985 najprej kaplanoval v \u0160i\u0161ki, kjer je leto zatem postal tudi gvardijan. Bil je rektor dveh najve\u010djih slovenskih Marijinih sveti\u0161\u010d: na Brezjah in na Sveti Gori. Opravljal je slu\u017ebo redovnega vzgojitelja, magistra novincev in bratov z za\u010dasnimi zaobljubami. Trenutno od 2009 drugi\u010d kot provincialni minister vodi Slovensko fran\u010di\u0161kansko provinco sv. Kri\u017ea.<\/p>\n<p>Ob obilnem pastoralnem delu se posve\u010da tudi prevajalstvu.<\/p>\n<p>Izdano ob avtorjevem srebrnem jubileju ma\u0161ni\u0161tva.<\/p>\n<p><em>&#8220;Preprosti so ti njegovi verzi, a mo\u010dni v izrazu, saj nobena beseda ne pade za igro ali na slepo, ampak se prepletajo in prerivajo zelo premi\u0161ljeno in nikoli ne stojijo na svojem mestu brez razloga. Poezija je govorica, ki sega preko neposredne priob\u010dljivosti in s svojimi podobami ter nevsakdanjo govorico spregovori kot iz preteklosti v bodo\u010dnost, kot iz ve\u010dnosti v ve\u010dnost, zato ni pesmi brez navdiha, tega pa ni brez Boga.<br \/>\nK njemu se brat Stane ho\u010de obra\u010dati in \u017eeli pomagati, da bi se, tudi prek njegovih pesmi, k njemu obrnili tudi mi.&#8221;<\/em><\/p>\n<p>(Iz spremne besede br. Mirana \u0160peli\u010da)<\/p>\n<p>Format: 20 x 20 cm, bro\u0161irano<\/p>\n<p>Obseg: 111 str.<\/p>\n<p>ISBN 978-961-6326-90-2<\/p>\n","protected":false},"excerpt":{"rendered":"<p>RAZPRODANO! RAZPRODANO! RAZPRODANO! RAZPRODANO! RAZPRODANO! RAZPRODANO! Stane Zore OFM Ljubljana, 2010 Stane Zore (* 1958, Sela pri Kamniku) je 1978 po letu noviciata vstopil v red manj\u0161ih bratov, k fran\u010di\u0161kanom. \u0160olal se je na Teolo\u0161ki fakulteti v Ljubljani in po duhovni\u0161kem posve\u010denju 1985 najprej kaplanoval v \u0160i\u0161ki, kjer je leto zatem postal tudi gvardijan. Bil [&hellip;]<\/p>\n","protected":false},"featured_media":367,"comment_status":"open","ping_status":"closed","template":"","meta":[],"product_brand":[],"product_cat":[36],"product_tag":[106],"class_list":{"0":"post-366","1":"product","2":"type-product","3":"status-publish","4":"has-post-thumbnail","6":"product_cat-zunaj-zbirk","7":"product_tag-stane-zore-ofm","9":"first","10":"outofstock","11":"taxable","12":"shipping-taxable","13":"purchasable","14":"product-type-simple"},"_links":{"self":[{"href":"https:\/\/www.franciskani.si\/zbf\/wp-json\/wp\/v2\/product\/366","targetHints":{"allow":["GET"]}}],"collection":[{"href":"https:\/\/www.franciskani.si\/zbf\/wp-json\/wp\/v2\/product"}],"about":[{"href":"https:\/\/www.franciskani.si\/zbf\/wp-json\/wp\/v2\/types\/product"}],"replies":[{"embeddable":true,"href":"https:\/\/www.franciskani.si\/zbf\/wp-json\/wp\/v2\/comments?post=366"}],"wp:featuredmedia":[{"embeddable":true,"href":"https:\/\/www.franciskani.si\/zbf\/wp-json\/wp\/v2\/media\/367"}],"wp:attachment":[{"href":"https:\/\/www.franciskani.si\/zbf\/wp-json\/wp\/v2\/media?parent=366"}],"wp:term":[{"taxonomy":"product_brand","embeddable":true,"href":"https:\/\/www.franciskani.si\/zbf\/wp-json\/wp\/v2\/product_brand?post=366"},{"taxonomy":"product_cat","embeddable":true,"href":"https:\/\/www.franciskani.si\/zbf\/wp-json\/wp\/v2\/product_cat?post=366"},{"taxonomy":"product_tag","embeddable":true,"href":"https:\/\/www.franciskani.si\/zbf\/wp-json\/wp\/v2\/product_tag?post=366"}],"curies":[{"name":"wp","href":"https:\/\/api.w.org\/{rel}","templated":true}]}}