{"id":368,"date":"2017-08-20T15:43:23","date_gmt":"2017-08-20T13:43:23","guid":{"rendered":"http:\/\/www.franciskani.si\/zbf\/?post_type=product&#038;p=368"},"modified":"2017-08-20T15:43:24","modified_gmt":"2017-08-20T13:43:24","slug":"popravi-mojo-hiso","status":"publish","type":"product","link":"https:\/\/www.franciskani.si\/zbf\/izdelek\/popravi-mojo-hiso\/","title":{"rendered":"Popravi mojo hi\u0161o"},"content":{"rendered":"<p><em>Vi, ki prihajate v Strunjan<br \/>\nk Mariji od prikazanja<br \/>\nhvalit Mater v nebo vzeto,<br \/>\npozdravljeni in blagor Vam!<\/em><\/p>\n<p><strong>Ro\u017eana \u0160peh<\/strong><\/p>\n<p><em>Popravi mojo hi\u0161o<\/em><br \/>\n<strong>STRUNJAN<\/strong><br \/>\n<em>500 let Marijinega prikazanja<\/em><\/p>\n<p>Marijino navzo\u010dnost na strunjanskem gri\u010du in pri\u010devanja stoletij o svetosti tega kraja je v knjigo zbrala Ro\u017eana \u0160peh. Pred nami je izdaja te \u010dudovite knjige. Prvi namen te izdaje je dati pe\u010dat 500-letni zvestobi in hvale\u017enosti romarja, da ga Mati varuje in spremlja na morju, kopnem in v zraku. Drugi namen pa je \u0161e bolj pribli\u017eati cerkev Marijinega prikazanja obiskovalcem, ki \u0161e vedno in znova prihajajo na kraj milosti in se Materi priporo\u010dajo vsak v svojem jeziku.<\/p>\n<p>Petsto let sedi\u0161 na vrhu strunjanskega rti\u010da in naslanja\u0161 svojo glavo z licem na dlan in svoj komolec na koleno. V tak\u0161no dr\u017eo se postavimo, kadar koga poslu\u0161amo pozorno in naklonjeno. Prisr\u010dno se ti zahvaljujemo za tvojo pozornost in naklonjenost. Ostani na na\u0161em gri\u010du \u0161e naprej in \u0161e dalje nagibaj svoje uho k na\u0161im pro\u0161njam: \u201cSaj \u0161e nikoli ni bilo sli\u0161ati, da bi bila ti koga zapustila, ki je pod tvoje varstvo pribe\u017eal, tebe pomo\u010di prosil in se tvoji pripro\u0161nji priporo\u010dal.&#8221;<\/p>\n<p>\u0161kof Jurij<\/p>\n<p>Format: 21 x 30 cm, 208 str.; trda vezava<br \/>\nISBN 978-961-6873-05-5<\/p>\n","protected":false},"excerpt":{"rendered":"<p>Vi, ki prihajate v Strunjan k Mariji od prikazanja hvalit Mater v nebo vzeto, pozdravljeni in blagor Vam! Ro\u017eana \u0160peh Popravi mojo hi\u0161o STRUNJAN 500 let Marijinega prikazanja Marijino navzo\u010dnost na strunjanskem gri\u010du in pri\u010devanja stoletij o svetosti tega kraja je v knjigo zbrala Ro\u017eana \u0160peh. Pred nami je izdaja te \u010dudovite knjige. Prvi namen [&hellip;]<\/p>\n","protected":false},"featured_media":369,"comment_status":"open","ping_status":"closed","template":"","meta":[],"product_brand":[],"product_cat":[36],"product_tag":[107],"class_list":{"0":"post-368","1":"product","2":"type-product","3":"status-publish","4":"has-post-thumbnail","6":"product_cat-zunaj-zbirk","7":"product_tag-rozana-speh","9":"first","10":"instock","11":"taxable","12":"shipping-taxable","13":"purchasable","14":"product-type-simple"},"_links":{"self":[{"href":"https:\/\/www.franciskani.si\/zbf\/wp-json\/wp\/v2\/product\/368","targetHints":{"allow":["GET"]}}],"collection":[{"href":"https:\/\/www.franciskani.si\/zbf\/wp-json\/wp\/v2\/product"}],"about":[{"href":"https:\/\/www.franciskani.si\/zbf\/wp-json\/wp\/v2\/types\/product"}],"replies":[{"embeddable":true,"href":"https:\/\/www.franciskani.si\/zbf\/wp-json\/wp\/v2\/comments?post=368"}],"wp:featuredmedia":[{"embeddable":true,"href":"https:\/\/www.franciskani.si\/zbf\/wp-json\/wp\/v2\/media\/369"}],"wp:attachment":[{"href":"https:\/\/www.franciskani.si\/zbf\/wp-json\/wp\/v2\/media?parent=368"}],"wp:term":[{"taxonomy":"product_brand","embeddable":true,"href":"https:\/\/www.franciskani.si\/zbf\/wp-json\/wp\/v2\/product_brand?post=368"},{"taxonomy":"product_cat","embeddable":true,"href":"https:\/\/www.franciskani.si\/zbf\/wp-json\/wp\/v2\/product_cat?post=368"},{"taxonomy":"product_tag","embeddable":true,"href":"https:\/\/www.franciskani.si\/zbf\/wp-json\/wp\/v2\/product_tag?post=368"}],"curies":[{"name":"wp","href":"https:\/\/api.w.org\/{rel}","templated":true}]}}