{"id":370,"date":"2017-08-20T15:44:40","date_gmt":"2017-08-20T13:44:40","guid":{"rendered":"http:\/\/www.franciskani.si\/zbf\/?post_type=product&#038;p=370"},"modified":"2017-08-20T15:44:40","modified_gmt":"2017-08-20T13:44:40","slug":"presveta-evharistija","status":"publish","type":"product","link":"https:\/\/www.franciskani.si\/zbf\/izdelek\/presveta-evharistija\/","title":{"rendered":"Presveta Evharistija"},"content":{"rendered":"<p><strong>Viktor Pape\u017e OFM<\/strong><\/p>\n<p><em>(premi\u0161ljevanja)<\/em><\/p>\n<p>\u017de pred \u010dasom je provincialni minister p. Viktor Pape\u017e imel duhovne vaje za sestre klarise v Nazarjah na temo svete evharistije. V obse\u017enih razmi\u0161ljanjih se je dotaknil zgodovinskih, teolo\u0161kih, duhovnih in prakti\u010dnih vpra\u0161anj, povezanih z ma\u0161o in \u010de\u0161\u010denjem Re\u0161njega telesa. V besedilu se sicer sem ter tja opazi, da je bilo sprva namenjeno redovnicam, vendar pa bo koristno tudi vsem drugim, ki \u017eelijo poglobiti svoje poznavanje presvetega zakramenta in poglobiti pobo\u017enost do njega.<\/p>\n<p>Format: 20 cm, 200 str., bro\u0161irano<\/p>\n","protected":false},"excerpt":{"rendered":"<p>Viktor Pape\u017e OFM (premi\u0161ljevanja) \u017de pred \u010dasom je provincialni minister p. Viktor Pape\u017e imel duhovne vaje za sestre klarise v Nazarjah na temo svete evharistije. V obse\u017enih razmi\u0161ljanjih se je dotaknil zgodovinskih, teolo\u0161kih, duhovnih in prakti\u010dnih vpra\u0161anj, povezanih z ma\u0161o in \u010de\u0161\u010denjem Re\u0161njega telesa. V besedilu se sicer sem ter tja opazi, da je bilo [&hellip;]<\/p>\n","protected":false},"featured_media":371,"comment_status":"open","ping_status":"closed","template":"","meta":[],"product_brand":[],"product_cat":[36],"product_tag":[68],"class_list":{"0":"post-370","1":"product","2":"type-product","3":"status-publish","4":"has-post-thumbnail","6":"product_cat-zunaj-zbirk","7":"product_tag-viktor-papez-ofm","9":"first","10":"instock","11":"taxable","12":"shipping-taxable","13":"purchasable","14":"product-type-simple"},"_links":{"self":[{"href":"https:\/\/www.franciskani.si\/zbf\/wp-json\/wp\/v2\/product\/370","targetHints":{"allow":["GET"]}}],"collection":[{"href":"https:\/\/www.franciskani.si\/zbf\/wp-json\/wp\/v2\/product"}],"about":[{"href":"https:\/\/www.franciskani.si\/zbf\/wp-json\/wp\/v2\/types\/product"}],"replies":[{"embeddable":true,"href":"https:\/\/www.franciskani.si\/zbf\/wp-json\/wp\/v2\/comments?post=370"}],"wp:featuredmedia":[{"embeddable":true,"href":"https:\/\/www.franciskani.si\/zbf\/wp-json\/wp\/v2\/media\/371"}],"wp:attachment":[{"href":"https:\/\/www.franciskani.si\/zbf\/wp-json\/wp\/v2\/media?parent=370"}],"wp:term":[{"taxonomy":"product_brand","embeddable":true,"href":"https:\/\/www.franciskani.si\/zbf\/wp-json\/wp\/v2\/product_brand?post=370"},{"taxonomy":"product_cat","embeddable":true,"href":"https:\/\/www.franciskani.si\/zbf\/wp-json\/wp\/v2\/product_cat?post=370"},{"taxonomy":"product_tag","embeddable":true,"href":"https:\/\/www.franciskani.si\/zbf\/wp-json\/wp\/v2\/product_tag?post=370"}],"curies":[{"name":"wp","href":"https:\/\/api.w.org\/{rel}","templated":true}]}}