{"id":372,"date":"2017-08-20T15:46:12","date_gmt":"2017-08-20T13:46:12","guid":{"rendered":"http:\/\/www.franciskani.si\/zbf\/?post_type=product&#038;p=372"},"modified":"2021-05-27T06:45:55","modified_gmt":"2021-05-27T04:45:55","slug":"sem-mislil-da-sem-sam","status":"publish","type":"product","link":"https:\/\/www.franciskani.si\/zbf\/izdelek\/sem-mislil-da-sem-sam\/","title":{"rendered":"Sem mislil, da sem sam"},"content":{"rendered":"<p><strong>RAZPRODANO<\/strong><\/p>\n<p><strong>Andra\u017e Arko OFM<\/strong> in <strong>Jan Dominik Bogataj<\/strong><\/p>\n<p>Ljubljana, 2012<\/p>\n<p>Hagiografska drama Sem mislil, da sem sam govori o slovenskem mu\u010dencu bl. Lojzetu Grozdetu (1923 &#8211; 1943) iz Zgornjih Vodal na Dolenjskem, ki je bil kot \u017ertev komunisti\u010dnega nasilja mu\u010den in ubit 1. januarja 1943. Zgodba je preplet dramatiziranih prizorov njegovega \u017eivljenja in njegovih pesmi, ki se na te prizore smiselno navezujejo. Tako v predstavi spoznamo Grozdetovo \u017eivljenje od najzgodnej\u0161ih otro\u0161kih let, pa vse do zasli\u0161anja in usmrtitve, predstava pa se zaklju\u010di z njegovo beatifikacijo (razglasitvijo za bla\u017eenega). Sporo\u010dilo drame je vezano predvsem na njegov svetni\u0161ki zgled, ki je obenem tudi zgled povsem obi\u010dajnega mladega \u010dloveka. Avtorja namre\u010d poudarjata, da sta \u017eelela Grozdeta predstaviti v njegovi zgodovinski in \u010dlove\u0161ki resni\u010dnosti, ki je zaznamovana tudi z napakami in gre\u0161nostjo, s tem pa sta se oddaljila od klasi\u010dne forme hagiografskih legend, ki z namenom poudariti vrline pogosto opisujejo svetnikovo \u017eivljenje brez kriti\u010dnega zgodovinskega pristopa. In prav v tem zgodovinskem realizmu lahko je bl. Lojze Grozde skozi dramo Sem mislil, da sem sam veliko bli\u017eje sodobnemu \u010dloveku, predvsem mlademu. Kljub svoji zgodovinskosti pa drama naslavlja mladostni\u0161ko tematiko, ki je aktualna tudi danes, ter spregovori o pere\u010dih temah sodobne dru\u017ebe in slovenskega naroda, kot so splav, alkoholizem in narodova razklanost, predvsem pa odpira vpra\u0161anje eksistencialne izpraznjenosti in osamljenosti.<\/p>\n<p>Dramo je v letu 2011 uprizorila Dramska skupina Antonov oder. Podatki o uprizoritvi in spored ponovitev.<\/p>\n<p>Format: 15 x 21 cm, bro\u0161irano<\/p>\n<p>Obseg: 95 str.<\/p>\n<p>ISBN 978-961-6873-02-4<\/p>\n","protected":false},"excerpt":{"rendered":"<p>RAZPRODANO Andra\u017e Arko OFM in Jan Dominik Bogataj Ljubljana, 2012 Hagiografska drama Sem mislil, da sem sam govori o slovenskem mu\u010dencu bl. Lojzetu Grozdetu (1923 &#8211; 1943) iz Zgornjih Vodal na Dolenjskem, ki je bil kot \u017ertev komunisti\u010dnega nasilja mu\u010den in ubit 1. januarja 1943. Zgodba je preplet dramatiziranih prizorov njegovega \u017eivljenja in njegovih pesmi, [&hellip;]<\/p>\n","protected":false},"featured_media":373,"comment_status":"open","ping_status":"closed","template":"","meta":[],"product_brand":[],"product_cat":[36],"product_tag":[59,86],"class_list":{"0":"post-372","1":"product","2":"type-product","3":"status-publish","4":"has-post-thumbnail","6":"product_cat-zunaj-zbirk","7":"product_tag-andraz-arko-ofm","8":"product_tag-jan-dominik-bogataj-ofm","10":"first","11":"outofstock","12":"taxable","13":"shipping-taxable","14":"purchasable","15":"product-type-simple"},"_links":{"self":[{"href":"https:\/\/www.franciskani.si\/zbf\/wp-json\/wp\/v2\/product\/372","targetHints":{"allow":["GET"]}}],"collection":[{"href":"https:\/\/www.franciskani.si\/zbf\/wp-json\/wp\/v2\/product"}],"about":[{"href":"https:\/\/www.franciskani.si\/zbf\/wp-json\/wp\/v2\/types\/product"}],"replies":[{"embeddable":true,"href":"https:\/\/www.franciskani.si\/zbf\/wp-json\/wp\/v2\/comments?post=372"}],"wp:featuredmedia":[{"embeddable":true,"href":"https:\/\/www.franciskani.si\/zbf\/wp-json\/wp\/v2\/media\/373"}],"wp:attachment":[{"href":"https:\/\/www.franciskani.si\/zbf\/wp-json\/wp\/v2\/media?parent=372"}],"wp:term":[{"taxonomy":"product_brand","embeddable":true,"href":"https:\/\/www.franciskani.si\/zbf\/wp-json\/wp\/v2\/product_brand?post=372"},{"taxonomy":"product_cat","embeddable":true,"href":"https:\/\/www.franciskani.si\/zbf\/wp-json\/wp\/v2\/product_cat?post=372"},{"taxonomy":"product_tag","embeddable":true,"href":"https:\/\/www.franciskani.si\/zbf\/wp-json\/wp\/v2\/product_tag?post=372"}],"curies":[{"name":"wp","href":"https:\/\/api.w.org\/{rel}","templated":true}]}}