{"id":376,"date":"2017-08-20T15:49:08","date_gmt":"2017-08-20T13:49:08","guid":{"rendered":"http:\/\/www.franciskani.si\/zbf\/?post_type=product&#038;p=376"},"modified":"2017-08-25T22:45:48","modified_gmt":"2017-08-25T20:45:48","slug":"sveta-elizabeta-ogrska","status":"publish","type":"product","link":"https:\/\/www.franciskani.si\/zbf\/izdelek\/sveta-elizabeta-ogrska\/","title":{"rendered":"Sveta Elizabeta Ogrska"},"content":{"rendered":"<p><strong>Zvonimir Zlodi OFMConv<\/strong><\/p>\n<p><em>Zavetnica Fran\u010di\u0161kovega svetnega reda<\/em><\/p>\n<p>Ljubljana, 2007<\/p>\n<p>Letos obhajamo 800-letnico Elizabetinega rojstva. V glavnih potezah sicer \u017ee poznamo njeno kratko, a bogato \u017eivljenje, v tej pripovedi pa nam ga minoritski pater Zvonimir zelo \u017eivo naslika, tako da se z Elizabeto lahko malodane sre\u010damo in postane na\u0161a dobra znanka. Vstopimo v svet gradov in vitezov, v srednjeve\u0161ke manire, naje\u017eijo se nam lasje ob strogosti njenega duhovnega voditelja, pretrese nas usoda njene dru\u017eine, za zgled se nam postavi njena neomajna vera. Res, obvezno branje za vsakega njenega varovanca!<\/p>\n<p>Format: 15 x 21 cm, bro\u0161irano;<\/p>\n<p>Obseg: 120 str.<\/p>\n<p>ISBN 978-961-6326-55-1<\/p>\n","protected":false},"excerpt":{"rendered":"<p>Zvonimir Zlodi OFMConv Zavetnica Fran\u010di\u0161kovega svetnega reda Ljubljana, 2007 Letos obhajamo 800-letnico Elizabetinega rojstva. V glavnih potezah sicer \u017ee poznamo njeno kratko, a bogato \u017eivljenje, v tej pripovedi pa nam ga minoritski pater Zvonimir zelo \u017eivo naslika, tako da se z Elizabeto lahko malodane sre\u010damo in postane na\u0161a dobra znanka. Vstopimo v svet gradov in [&hellip;]<\/p>\n","protected":false},"featured_media":377,"comment_status":"open","ping_status":"closed","template":"","meta":[],"product_brand":[],"product_cat":[117,36],"product_tag":[109],"class_list":{"0":"post-376","1":"product","2":"type-product","3":"status-publish","4":"has-post-thumbnail","6":"product_cat-razprodano","7":"product_cat-zunaj-zbirk","8":"product_tag-zvonimir-zlodi-ofmconv","10":"first","11":"outofstock","12":"taxable","13":"shipping-taxable","14":"purchasable","15":"product-type-simple"},"_links":{"self":[{"href":"https:\/\/www.franciskani.si\/zbf\/wp-json\/wp\/v2\/product\/376","targetHints":{"allow":["GET"]}}],"collection":[{"href":"https:\/\/www.franciskani.si\/zbf\/wp-json\/wp\/v2\/product"}],"about":[{"href":"https:\/\/www.franciskani.si\/zbf\/wp-json\/wp\/v2\/types\/product"}],"replies":[{"embeddable":true,"href":"https:\/\/www.franciskani.si\/zbf\/wp-json\/wp\/v2\/comments?post=376"}],"wp:featuredmedia":[{"embeddable":true,"href":"https:\/\/www.franciskani.si\/zbf\/wp-json\/wp\/v2\/media\/377"}],"wp:attachment":[{"href":"https:\/\/www.franciskani.si\/zbf\/wp-json\/wp\/v2\/media?parent=376"}],"wp:term":[{"taxonomy":"product_brand","embeddable":true,"href":"https:\/\/www.franciskani.si\/zbf\/wp-json\/wp\/v2\/product_brand?post=376"},{"taxonomy":"product_cat","embeddable":true,"href":"https:\/\/www.franciskani.si\/zbf\/wp-json\/wp\/v2\/product_cat?post=376"},{"taxonomy":"product_tag","embeddable":true,"href":"https:\/\/www.franciskani.si\/zbf\/wp-json\/wp\/v2\/product_tag?post=376"}],"curies":[{"name":"wp","href":"https:\/\/api.w.org\/{rel}","templated":true}]}}