{"id":378,"date":"2017-08-20T15:50:28","date_gmt":"2017-08-20T13:50:28","guid":{"rendered":"http:\/\/www.franciskani.si\/zbf\/?post_type=product&#038;p=378"},"modified":"2017-08-20T15:50:28","modified_gmt":"2017-08-20T13:50:28","slug":"to-delajte-v-moj-spomin","status":"publish","type":"product","link":"https:\/\/www.franciskani.si\/zbf\/izdelek\/to-delajte-v-moj-spomin\/","title":{"rendered":"To delajte v moj spomin!"},"content":{"rendered":"<p><strong>Robert Bah\u010di\u010d OFM<\/strong><\/p>\n<p><em>Molitvene ure za duhovne poklice<\/em><\/p>\n<p>Ljubljana, 2002<\/p>\n<p>&#8220;Samo molitev more prebuditi tisto dr\u017eo zaupanja in predanosti, ki je neobhodno potrebna, da moremo izre\u010di svoj &#8220;da&#8221; in prese\u017eemo strahove in negotovost. Vsak poklic se rodi iz pro\u0161nje&#8221; (Novi poklici za novo Evropo). Knji\u017eica &#8220;To delajte v moj spomin&#8221; nam ponuja osem molitvenih ur za duhovne poklice, ki jih je ob sodelovanju razli\u010dnih avtorjev zbral br. Robert Bah\u010di\u010d OFM. V njih ob svetopisemskih besedilih, ob posameznih prvinah na\u0161ih ljudskih pobo\u017enosti in ob raznih drugih tekstih prosimo Gospoda, naj po\u0161lje delavcev na svojo \u017eetev. Knji\u017eica je namenjena \u017eupnijskim ob\u010destvom, molitvenim skupinam, redovnim skupnostim in posameznikom; vsem tistim, ki se zavedajo vedno bolj pere\u010dega pomanjkanja duhovnih poklicev v na\u0161em narodu in \u017eelijo dejavno odgovoriti na Jezusovo povabilo, naj molimo za nove poklice v bo\u017ejem vinogradu.<\/p>\n<p>Format: 11 x 20 cm, bro\u0161irano;<\/p>\n<p>Obseg: 143 str.<\/p>\n<p>(Pri ve\u010djih naro\u010dilih popust do 50%)<\/p>\n","protected":false},"excerpt":{"rendered":"<p>Robert Bah\u010di\u010d OFM Molitvene ure za duhovne poklice Ljubljana, 2002 &#8220;Samo molitev more prebuditi tisto dr\u017eo zaupanja in predanosti, ki je neobhodno potrebna, da moremo izre\u010di svoj &#8220;da&#8221; in prese\u017eemo strahove in negotovost. Vsak poklic se rodi iz pro\u0161nje&#8221; (Novi poklici za novo Evropo). Knji\u017eica &#8220;To delajte v moj spomin&#8221; nam ponuja osem molitvenih ur [&hellip;]<\/p>\n","protected":false},"featured_media":379,"comment_status":"open","ping_status":"closed","template":"","meta":[],"product_brand":[],"product_cat":[36],"product_tag":[54],"class_list":{"0":"post-378","1":"product","2":"type-product","3":"status-publish","4":"has-post-thumbnail","6":"product_cat-zunaj-zbirk","7":"product_tag-robert-bahcic-ofm","9":"first","10":"instock","11":"taxable","12":"shipping-taxable","13":"purchasable","14":"product-type-simple"},"_links":{"self":[{"href":"https:\/\/www.franciskani.si\/zbf\/wp-json\/wp\/v2\/product\/378","targetHints":{"allow":["GET"]}}],"collection":[{"href":"https:\/\/www.franciskani.si\/zbf\/wp-json\/wp\/v2\/product"}],"about":[{"href":"https:\/\/www.franciskani.si\/zbf\/wp-json\/wp\/v2\/types\/product"}],"replies":[{"embeddable":true,"href":"https:\/\/www.franciskani.si\/zbf\/wp-json\/wp\/v2\/comments?post=378"}],"wp:featuredmedia":[{"embeddable":true,"href":"https:\/\/www.franciskani.si\/zbf\/wp-json\/wp\/v2\/media\/379"}],"wp:attachment":[{"href":"https:\/\/www.franciskani.si\/zbf\/wp-json\/wp\/v2\/media?parent=378"}],"wp:term":[{"taxonomy":"product_brand","embeddable":true,"href":"https:\/\/www.franciskani.si\/zbf\/wp-json\/wp\/v2\/product_brand?post=378"},{"taxonomy":"product_cat","embeddable":true,"href":"https:\/\/www.franciskani.si\/zbf\/wp-json\/wp\/v2\/product_cat?post=378"},{"taxonomy":"product_tag","embeddable":true,"href":"https:\/\/www.franciskani.si\/zbf\/wp-json\/wp\/v2\/product_tag?post=378"}],"curies":[{"name":"wp","href":"https:\/\/api.w.org\/{rel}","templated":true}]}}