{"id":382,"date":"2017-08-20T15:54:15","date_gmt":"2017-08-20T13:54:15","guid":{"rendered":"http:\/\/www.franciskani.si\/zbf\/?post_type=product&#038;p=382"},"modified":"2024-03-01T08:36:41","modified_gmt":"2024-03-01T07:36:41","slug":"ackov-zbornik","status":"publish","type":"product","link":"https:\/\/www.franciskani.si\/zbf\/izdelek\/ackov-zbornik\/","title":{"rendered":"A\u010dkov zbornik"},"content":{"rendered":"<p>Ljubljana, 1999<\/p>\n<p>Gre za glasbeno in biografsko predstavitev slovenskega skladatelja in fran\u010di\u0161kana, dr. p. Franceta A\u010dka (1904-1974). Nemalo njegovih zborovskih skladb je takoreko\u010d ponarodelo, za\u010den\u0161i z njegovim slovensko-koralnim o\u010dena\u0161em in znano bo\u017ei\u010dno Po\u010divaj, milo detece. Zbornik prina\u0161a 140 strani na novo izpisanega notnega gradiva (zborovske pesmi za vse vrste zborov), sledi pa mu iz\u010drpna biografija, obogatena s pri\u010devanji njegovih sobratov in prijateljev, med njimi tudi nedavno pokojnega akademika Primo\u017ea Ramov\u0161a, ki mu \u017eelimo posvetiti to delo.<\/p>\n<p>Format: 200 str., 30 cm, trda vezava.<\/p>\n<p>ISBN 961-90564-5-0<\/p>\n","protected":false},"excerpt":{"rendered":"<p>Ljubljana, 1999 Gre za glasbeno in biografsko predstavitev slovenskega skladatelja in fran\u010di\u0161kana, dr. p. Franceta A\u010dka (1904-1974). Nemalo njegovih zborovskih skladb je takoreko\u010d ponarodelo, za\u010den\u0161i z njegovim slovensko-koralnim o\u010dena\u0161em in znano bo\u017ei\u010dno Po\u010divaj, milo detece. Zbornik prina\u0161a 140 strani na novo izpisanega notnega gradiva (zborovske pesmi za vse vrste zborov), sledi pa mu iz\u010drpna biografija, [&hellip;]<\/p>\n","protected":false},"featured_media":383,"comment_status":"open","ping_status":"closed","template":"","meta":[],"product_brand":[],"product_cat":[36],"product_tag":[],"class_list":{"0":"post-382","1":"product","2":"type-product","3":"status-publish","4":"has-post-thumbnail","6":"product_cat-zunaj-zbirk","8":"first","9":"instock","10":"sale","11":"taxable","12":"shipping-taxable","13":"purchasable","14":"product-type-simple"},"_links":{"self":[{"href":"https:\/\/www.franciskani.si\/zbf\/wp-json\/wp\/v2\/product\/382","targetHints":{"allow":["GET"]}}],"collection":[{"href":"https:\/\/www.franciskani.si\/zbf\/wp-json\/wp\/v2\/product"}],"about":[{"href":"https:\/\/www.franciskani.si\/zbf\/wp-json\/wp\/v2\/types\/product"}],"replies":[{"embeddable":true,"href":"https:\/\/www.franciskani.si\/zbf\/wp-json\/wp\/v2\/comments?post=382"}],"wp:featuredmedia":[{"embeddable":true,"href":"https:\/\/www.franciskani.si\/zbf\/wp-json\/wp\/v2\/media\/383"}],"wp:attachment":[{"href":"https:\/\/www.franciskani.si\/zbf\/wp-json\/wp\/v2\/media?parent=382"}],"wp:term":[{"taxonomy":"product_brand","embeddable":true,"href":"https:\/\/www.franciskani.si\/zbf\/wp-json\/wp\/v2\/product_brand?post=382"},{"taxonomy":"product_cat","embeddable":true,"href":"https:\/\/www.franciskani.si\/zbf\/wp-json\/wp\/v2\/product_cat?post=382"},{"taxonomy":"product_tag","embeddable":true,"href":"https:\/\/www.franciskani.si\/zbf\/wp-json\/wp\/v2\/product_tag?post=382"}],"curies":[{"name":"wp","href":"https:\/\/api.w.org\/{rel}","templated":true}]}}