{"id":386,"date":"2017-08-20T16:02:24","date_gmt":"2017-08-20T14:02:24","guid":{"rendered":"http:\/\/www.franciskani.si\/zbf\/?post_type=product&#038;p=386"},"modified":"2021-08-26T11:46:34","modified_gmt":"2021-08-26T09:46:34","slug":"besede-zivljenja-2-jezusova-pot","status":"publish","type":"product","link":"https:\/\/www.franciskani.si\/zbf\/izdelek\/besede-zivljenja-2-jezusova-pot\/","title":{"rendered":"Besede \u017eivljenja 2 &#8211; Jezusova pot"},"content":{"rendered":"<p>Svetopisemski pripomo\u010dek za 2. razred verouka<\/p>\n<p><strong>P. Silvin Krajnc, Jelka in \u017diva Melik<\/strong> so pripravili 32 svetopisemskih zgodb in jih uredili tako, da lahko slu\u017eijo za svetopisemsko katehezo za drugi razred devetletke. Ob vsaki zgodbi so napotki za razmi\u0161ljanje in rast v veri. Z ilustracijami jih je opremila Paola Bertolini Grudina, vsaka zgodba pa ima dodano \u0161e upodobitev motiva iz svetovne slikarske zakladnice.<br \/>\nDelo je uporabno pri samem verouku za vse razrede prve triade, pri dodatnih svetopisemskih uricah za mlaj\u0161e, pa tudi pri \u00bbbabi\u010dinem\u00ab verouku doma. Tudi Miklav\u017e bi se znal razveseliti tega darila.<br \/>\nTo je drugi zvezek zbirke, ki:<br \/>\n&#8211; osvetljuje in razlaga Sveto pismo,<br \/>\n&#8211; o\u017eivlja in dopolnjuje osnovno\u0161olski verouk,<br \/>\n&#8211; pribli\u017euje svet umetnosti in kulture,<br \/>\n&#8211; povezuje Bo\u017ejo besedo z vsakdanjim \u017eivljenjem.<\/p>\n<p>Format 21\u00d730 cm<br \/>\nISBN 981-961-6873-36-9<br \/>\nBro\u0161irano<br \/>\nObseg 148 strani<\/p>\n<p>Pri skupnih naro\u010dilih koli\u010dinski popusti.<\/p>\n<p><a href=\"https:\/\/www.franciskani.si\/zbf\/wp-content\/uploads\/2021\/08\/BZ2_reklama_1lekcija.pdf\" rel=\"noopener\" target=\"_blank\"><strong>Pokukajte v 1. lekcijo (PDF) >>><\/strong><\/a><\/p>\n","protected":false},"excerpt":{"rendered":"<p>Svetopisemski pripomo\u010dek za 2. razred verouka P. Silvin Krajnc, Jelka in \u017diva Melik so pripravili 32 svetopisemskih zgodb in jih uredili tako, da lahko slu\u017eijo za svetopisemsko katehezo za drugi razred devetletke. Ob vsaki zgodbi so napotki za razmi\u0161ljanje in rast v veri. Z ilustracijami jih je opremila Paola Bertolini Grudina, vsaka zgodba pa ima [&hellip;]<\/p>\n","protected":false},"featured_media":387,"comment_status":"open","ping_status":"closed","template":"","meta":[],"product_brand":[],"product_cat":[118],"product_tag":[61],"class_list":{"0":"post-386","1":"product","2":"type-product","3":"status-publish","4":"has-post-thumbnail","6":"product_cat-besede-zivljenja","7":"product_tag-silvin-krajnc-ofm","9":"first","10":"instock","11":"taxable","12":"shipping-taxable","13":"purchasable","14":"product-type-simple"},"_links":{"self":[{"href":"https:\/\/www.franciskani.si\/zbf\/wp-json\/wp\/v2\/product\/386","targetHints":{"allow":["GET"]}}],"collection":[{"href":"https:\/\/www.franciskani.si\/zbf\/wp-json\/wp\/v2\/product"}],"about":[{"href":"https:\/\/www.franciskani.si\/zbf\/wp-json\/wp\/v2\/types\/product"}],"replies":[{"embeddable":true,"href":"https:\/\/www.franciskani.si\/zbf\/wp-json\/wp\/v2\/comments?post=386"}],"wp:featuredmedia":[{"embeddable":true,"href":"https:\/\/www.franciskani.si\/zbf\/wp-json\/wp\/v2\/media\/387"}],"wp:attachment":[{"href":"https:\/\/www.franciskani.si\/zbf\/wp-json\/wp\/v2\/media?parent=386"}],"wp:term":[{"taxonomy":"product_brand","embeddable":true,"href":"https:\/\/www.franciskani.si\/zbf\/wp-json\/wp\/v2\/product_brand?post=386"},{"taxonomy":"product_cat","embeddable":true,"href":"https:\/\/www.franciskani.si\/zbf\/wp-json\/wp\/v2\/product_cat?post=386"},{"taxonomy":"product_tag","embeddable":true,"href":"https:\/\/www.franciskani.si\/zbf\/wp-json\/wp\/v2\/product_tag?post=386"}],"curies":[{"name":"wp","href":"https:\/\/api.w.org\/{rel}","templated":true}]}}