{"id":390,"date":"2017-08-20T16:08:42","date_gmt":"2017-08-20T14:08:42","guid":{"rendered":"http:\/\/www.franciskani.si\/zbf\/?post_type=product&#038;p=390"},"modified":"2017-08-20T16:08:42","modified_gmt":"2017-08-20T14:08:42","slug":"gluhi-in-govor","status":"publish","type":"product","link":"https:\/\/www.franciskani.si\/zbf\/izdelek\/gluhi-in-govor\/","title":{"rendered":"Gluhi in govor"},"content":{"rendered":"<p><strong>prof. Bogo Jakopi\u010d<\/strong><\/p>\n<p>V tej knjigi so zbrani nekateri izsledki doma\u010dih in nekaterih tujih avtorjev o tem, kako bi se lahko gluhi vklju\u010devali v glasovni govor, o rasti besednega zaklada gluhih doma in v svetu, o rabi in terminologiji besed, ki jih uporabljamo za gluhoto in gluhoneme. Nekaj besed je govora tudi o metodah in delu z gluhimi pri u\u010denju maternega jezika in govora. Iz naslova knjige lahko razberemo, da je govor vrednota, za katero se spla\u010da truditi tudi gluhi osebi, da se z glasovnim govorom lahko \u0161e bolj enakopravno vklju\u010di v \u010dlove\u0161ko dru\u017eino, saj je glasovni govor najobi\u010dajnej\u0161a oblika sporazumevanja med ljudmi.<br \/>\nKnjigo posve\u010dam spominu p. Jakoba Bijola OFM. Za delo in po\u017ertvovalnost pri izdaji knjige se prisr\u010dno zahvaljujem p. Bogdanu Knavsu OFM ter zakoncema gospe Mariji in gospodu Antonu \u017deleznikar. Bog povrni!<\/p>\n<p>Format: 14 x 21 cm; 80 strani; mehka vezava<\/p>\n<p>ISBN 978-961-6873-10-9<\/p>\n","protected":false},"excerpt":{"rendered":"<p>prof. Bogo Jakopi\u010d V tej knjigi so zbrani nekateri izsledki doma\u010dih in nekaterih tujih avtorjev o tem, kako bi se lahko gluhi vklju\u010devali v glasovni govor, o rasti besednega zaklada gluhih doma in v svetu, o rabi in terminologiji besed, ki jih uporabljamo za gluhoto in gluhoneme. Nekaj besed je govora tudi o metodah in [&hellip;]<\/p>\n","protected":false},"featured_media":391,"comment_status":"open","ping_status":"closed","template":"","meta":[],"product_brand":[],"product_cat":[36],"product_tag":[111],"class_list":{"0":"post-390","1":"product","2":"type-product","3":"status-publish","4":"has-post-thumbnail","6":"product_cat-zunaj-zbirk","7":"product_tag-bogo-jakopic","9":"first","10":"instock","11":"taxable","12":"shipping-taxable","13":"purchasable","14":"product-type-simple"},"_links":{"self":[{"href":"https:\/\/www.franciskani.si\/zbf\/wp-json\/wp\/v2\/product\/390","targetHints":{"allow":["GET"]}}],"collection":[{"href":"https:\/\/www.franciskani.si\/zbf\/wp-json\/wp\/v2\/product"}],"about":[{"href":"https:\/\/www.franciskani.si\/zbf\/wp-json\/wp\/v2\/types\/product"}],"replies":[{"embeddable":true,"href":"https:\/\/www.franciskani.si\/zbf\/wp-json\/wp\/v2\/comments?post=390"}],"wp:featuredmedia":[{"embeddable":true,"href":"https:\/\/www.franciskani.si\/zbf\/wp-json\/wp\/v2\/media\/391"}],"wp:attachment":[{"href":"https:\/\/www.franciskani.si\/zbf\/wp-json\/wp\/v2\/media?parent=390"}],"wp:term":[{"taxonomy":"product_brand","embeddable":true,"href":"https:\/\/www.franciskani.si\/zbf\/wp-json\/wp\/v2\/product_brand?post=390"},{"taxonomy":"product_cat","embeddable":true,"href":"https:\/\/www.franciskani.si\/zbf\/wp-json\/wp\/v2\/product_cat?post=390"},{"taxonomy":"product_tag","embeddable":true,"href":"https:\/\/www.franciskani.si\/zbf\/wp-json\/wp\/v2\/product_tag?post=390"}],"curies":[{"name":"wp","href":"https:\/\/api.w.org\/{rel}","templated":true}]}}