{"id":392,"date":"2017-08-20T16:11:30","date_gmt":"2017-08-20T14:11:30","guid":{"rendered":"http:\/\/www.franciskani.si\/zbf\/?post_type=product&#038;p=392"},"modified":"2017-08-20T16:11:30","modified_gmt":"2017-08-20T14:11:30","slug":"guarda-la-mia-casa","status":"publish","type":"product","link":"https:\/\/www.franciskani.si\/zbf\/izdelek\/guarda-la-mia-casa\/","title":{"rendered":"Guarda la mia casa"},"content":{"rendered":"<p><em>Quando arriviamo a Strugnan<br \/>\nad onorar Maria,<br \/>\nci volge lo sguardo con grazia<br \/>\nintercedendo per noi presso Dio.<\/em><\/p>\n<p><strong>Ro\u017eana \u0160peh<\/strong><\/p>\n<p><em>Guarda la mia casa<\/em><br \/>\n<strong>STRUGNANO<\/strong><br \/>\n<em>500\u00ba Anniversario dell\u2019Apparizione di S. Maria della Visione<\/em><\/p>\n<p>I dipinti e le statue della Beata Vergine Maria vengono dapprima divisi in due grandi categorie: quelli che la mostrano in veste di Madre ed esprimono soprattutto la sua grazia, e quelli che la mostrano quale Regina e riflettono principalmente la sua grandezza. La Beata Vergine quale Madre e Regina \u00e8 presente in tutti i generi delle sue rappresentazioni: dalle icone sacre accuratamente realizzate fino ai disegni brevemente delineati, dalle sculture finemente scolpite fino ai prodotti appena lavorati. Nelle rappresentazioni Maria pu\u00f2 essere raffigurata da sola o con il Figlio Ges\u00f9, o con altre persone. Ci sono numerose raffigurazioni dell\u2019Annunciazione e della Vergine Maria compassionevole ed ancora dell\u2019Assunta. Sono molto conosciute: Maria del Rosario e Maria con il Manto allargato, Maria con il Cardellino, Maria Profuga e Maria dei Sette Dolori. Chi non conosce le immagini<br \/>\ndei celebri luoghi di pellegrinaggio: Maria di Guadalupe e Maria di Lourdes, Maria di Fatima e Maria di Trsat. Inoltre ci sono Maria di Brezje, di Ptujska Gora, di Monte<br \/>\nSanto.<\/p>\n<p>Tuttavia, l\u2019immagine della Beata Vergine di Strugnano \u00e8 unica, e tra le molte rappresentazioni della Madre di Dio, rappresenta qualcosa di speciale. Sia nell\u2019immagine che nella statua della Beata Vergine di Strugnano, Maria siede su un muretto di una chiesa in rovina. Ha la testa appoggiata alla mano e il gomito appoggiato sul ginocchio. Il suo sguardo \u00e8 pensieroso, e i suoi occhi sono rivolti verso terra. Davanti a lei, in ginocchio, un vecchio con i capelli grigi, come un pio pellegrino che consegna una lunga candela accesa. La scena sembra essere silenziosa e pacifica. A cosa stanno pensando Maria e il pellegrino? E se parlassero, cosa mai si direbbero tra loro? La tradizione ci conserva la protesta di Maria: \u201cVedi come la mia casa \u00e8 distrutta!\u201d Conserva anche l\u2019ordine: \u201cLa chiesa deve essere ricostruita.\u201d<\/p>\n<p>Una risposta ampia alla domanda posta la possiamo trovare presso il profeta Baruc. Il profeta consola il popolo eletto che \u00e8 in esilio, e mette le parole in bocca alla capitale Gerusalemme, parlando ai suoi figli come loro madre, come la Consorte del Signore. La fine della sua preghiera recita: \u201cCoraggio, figli, gridate a Dio, poich\u00e9 si ricorder\u00e0 di voi Colui che vi ha provati. Per\u00f2, come pensaste di allontanarvi da Dio, cos\u00ec, ritornando, decuplicate lo zelo per ricercarlo, poich\u00e9 chi vi ha afflitti con tanti mali vi dar\u00e0 anche, con la vostra salvezza, una gioia perenne\u201d (Bar 4,27-29). Le parole della capitale Gerusalemme sono belle da sentire anche dalla bocca di Maria, la sposa dello Spirito Santo<br \/>\ne Madre nostra, mediatrice tra noi e il nostro Padre celeste. Subito dopo, il profeta stesso consola anche la capitale Gerusalemme, prevedendo il ritorno di tutti i suoi figli: \u201cGuarda ad oriente, Gerusalemme, osserva la gioia che ti viene da Dio. Ecco, ritornano i figli che hai visti partire, ritornano insieme riuniti dal sorgere del sole al suo tramonto, alla parola del Santo, esultanti per la gloria di Dio\u201d (Bar 4,36-37). Il pellegrino si inginocchia davanti alla Madonna di Strugnano e le giura che dopo di lui stanno arrivando anche altri suoi<br \/>\nfigli e figlie, che saranno lieti di soddisfare la sua dolce richiesta. Beata Vergine di Strugnano! Da cinquecento anni sei seduta in cima al promontorio di Strugnano, appoggiando la tua testa con il volto nella mano e il gomito sul ginocchio. In questa posizione ci mettiamo quando ascoltiamo qualcuno con attenzione ed affetto. Ti rendiamo un caloroso ringraziamento per la tua attenzione e il tuo affetto. Rimani sulla nostra collina e continua a prestare l\u2019orecchio alle nostre preghiere: \u201cNon si \u00e8 mai sentito dire che tu abbia abbandonato quelli che si sono rifugiati sotto la tua protezione e ti hanno chiesto aiuto, raccomandandosi alla tua intercessione.\u201d Santa Vergine di Strugnano &#8211; prega per noi!<\/p>\n<p>Vescovo mons. Jurij Bizjak<\/p>\n<p>Format: 21 x 30 cm, 208 str.; mehka vezava<br \/>\nISBN 978-961-6873-06-2<\/p>\n","protected":false},"excerpt":{"rendered":"<p>Quando arriviamo a Strugnan ad onorar Maria, ci volge lo sguardo con grazia intercedendo per noi presso Dio. Ro\u017eana \u0160peh Guarda la mia casa STRUGNANO 500\u00ba Anniversario dell\u2019Apparizione di S. Maria della Visione I dipinti e le statue della Beata Vergine Maria vengono dapprima divisi in due grandi categorie: quelli che la mostrano in veste [&hellip;]<\/p>\n","protected":false},"featured_media":393,"comment_status":"open","ping_status":"closed","template":"","meta":[],"product_brand":[],"product_cat":[36],"product_tag":[107],"class_list":{"0":"post-392","1":"product","2":"type-product","3":"status-publish","4":"has-post-thumbnail","6":"product_cat-zunaj-zbirk","7":"product_tag-rozana-speh","9":"first","10":"instock","11":"taxable","12":"shipping-taxable","13":"purchasable","14":"product-type-simple"},"_links":{"self":[{"href":"https:\/\/www.franciskani.si\/zbf\/wp-json\/wp\/v2\/product\/392","targetHints":{"allow":["GET"]}}],"collection":[{"href":"https:\/\/www.franciskani.si\/zbf\/wp-json\/wp\/v2\/product"}],"about":[{"href":"https:\/\/www.franciskani.si\/zbf\/wp-json\/wp\/v2\/types\/product"}],"replies":[{"embeddable":true,"href":"https:\/\/www.franciskani.si\/zbf\/wp-json\/wp\/v2\/comments?post=392"}],"wp:featuredmedia":[{"embeddable":true,"href":"https:\/\/www.franciskani.si\/zbf\/wp-json\/wp\/v2\/media\/393"}],"wp:attachment":[{"href":"https:\/\/www.franciskani.si\/zbf\/wp-json\/wp\/v2\/media?parent=392"}],"wp:term":[{"taxonomy":"product_brand","embeddable":true,"href":"https:\/\/www.franciskani.si\/zbf\/wp-json\/wp\/v2\/product_brand?post=392"},{"taxonomy":"product_cat","embeddable":true,"href":"https:\/\/www.franciskani.si\/zbf\/wp-json\/wp\/v2\/product_cat?post=392"},{"taxonomy":"product_tag","embeddable":true,"href":"https:\/\/www.franciskani.si\/zbf\/wp-json\/wp\/v2\/product_tag?post=392"}],"curies":[{"name":"wp","href":"https:\/\/api.w.org\/{rel}","templated":true}]}}