{"id":396,"date":"2017-08-20T16:16:33","date_gmt":"2017-08-20T14:16:33","guid":{"rendered":"http:\/\/www.franciskani.si\/zbf\/?post_type=product&#038;p=396"},"modified":"2017-08-20T16:16:33","modified_gmt":"2017-08-20T14:16:33","slug":"marija-pa-je-vse-te-besede-ohranila-zbornik","status":"publish","type":"product","link":"https:\/\/www.franciskani.si\/zbf\/izdelek\/marija-pa-je-vse-te-besede-ohranila-zbornik\/","title":{"rendered":"Marija pa je vse te besede ohranila &#8211; Zbornik"},"content":{"rendered":"<p>Pred nami je objava prispevkov slovenske skupine na mednarodnih mariolo\u0161ko-marijanskih kongresih, ki jih je priredila Pape\u0161ka marijanska mednarodna akademija iz Rima leta 2000 v Madonna del Divino Amore pri Rimu, leta 2004 v Rimu in leta 2008 v Lurdu. Namen kongresov Pape\u0161ke mednarodne marijanske akademije je poglabljanje mariolo\u0161kih vidikov Marijinega \u017eivljenja, kakor jih poznamo iz evangelijev in iz del cerkvenih o\u010detov ter jih udejanjamo v na\u0161em vsakdanjem \u017eivljenju, po Gospodovi besedi: \u00bbMoja mati in moji bratje so tisti, ki Bo\u017ejo besedo poslu\u0161ajo in uresni\u010dujejo.\u00ab Slovensko skupino so na teh kongresih predstavljali predavatelji, \u010dlani Fran\u010di\u0161kanskega marijanskega centra Slovenske  fran\u010di\u0161kanske province sv. Kri\u017ea s sede\u017eem na Brezjah. Zbornik je uredila Martina Kralji\u010d.<\/p>\n<p>Format: 16 x 22 cm; bro\u0161irano<br \/>\nObseg: 290 strani<\/p>\n","protected":false},"excerpt":{"rendered":"<p>Pred nami je objava prispevkov slovenske skupine na mednarodnih mariolo\u0161ko-marijanskih kongresih, ki jih je priredila Pape\u0161ka marijanska mednarodna akademija iz Rima leta 2000 v Madonna del Divino Amore pri Rimu, leta 2004 v Rimu in leta 2008 v Lurdu. Namen kongresov Pape\u0161ke mednarodne marijanske akademije je poglabljanje mariolo\u0161kih vidikov Marijinega \u017eivljenja, kakor jih poznamo iz [&hellip;]<\/p>\n","protected":false},"featured_media":397,"comment_status":"open","ping_status":"closed","template":"","meta":[],"product_brand":[],"product_cat":[36],"product_tag":[112],"class_list":{"0":"post-396","1":"product","2":"type-product","3":"status-publish","4":"has-post-thumbnail","6":"product_cat-zunaj-zbirk","7":"product_tag-martina-kraljic","9":"first","10":"instock","11":"taxable","12":"shipping-taxable","13":"purchasable","14":"product-type-simple"},"_links":{"self":[{"href":"https:\/\/www.franciskani.si\/zbf\/wp-json\/wp\/v2\/product\/396","targetHints":{"allow":["GET"]}}],"collection":[{"href":"https:\/\/www.franciskani.si\/zbf\/wp-json\/wp\/v2\/product"}],"about":[{"href":"https:\/\/www.franciskani.si\/zbf\/wp-json\/wp\/v2\/types\/product"}],"replies":[{"embeddable":true,"href":"https:\/\/www.franciskani.si\/zbf\/wp-json\/wp\/v2\/comments?post=396"}],"wp:featuredmedia":[{"embeddable":true,"href":"https:\/\/www.franciskani.si\/zbf\/wp-json\/wp\/v2\/media\/397"}],"wp:attachment":[{"href":"https:\/\/www.franciskani.si\/zbf\/wp-json\/wp\/v2\/media?parent=396"}],"wp:term":[{"taxonomy":"product_brand","embeddable":true,"href":"https:\/\/www.franciskani.si\/zbf\/wp-json\/wp\/v2\/product_brand?post=396"},{"taxonomy":"product_cat","embeddable":true,"href":"https:\/\/www.franciskani.si\/zbf\/wp-json\/wp\/v2\/product_cat?post=396"},{"taxonomy":"product_tag","embeddable":true,"href":"https:\/\/www.franciskani.si\/zbf\/wp-json\/wp\/v2\/product_tag?post=396"}],"curies":[{"name":"wp","href":"https:\/\/api.w.org\/{rel}","templated":true}]}}