{"id":398,"date":"2017-08-20T16:19:29","date_gmt":"2017-08-20T14:19:29","guid":{"rendered":"http:\/\/www.franciskani.si\/zbf\/?post_type=product&#038;p=398"},"modified":"2017-08-21T00:01:39","modified_gmt":"2017-08-20T22:01:39","slug":"marijina-romarska-pesmarica","status":"publish","type":"product","link":"https:\/\/www.franciskani.si\/zbf\/izdelek\/marijina-romarska-pesmarica\/","title":{"rendered":"Marijina romarska pesmarica"},"content":{"rendered":"<p>Pesmarica je namenjena vsem romarjem, vsebuje Marijine in tudi druge pesmi, z notami in besedili. V pesmarici je tudi del molitvenega bogoslu\u017eja (brevirja) v \u010dast Mariji in \u0161e kratek molitvenik. V knji\u017eici boste na\u0161li tudi vse potrebne inormacije o urniku bogoslu\u017eij v sveti\u0161\u010du in kratko zgodovino o Brezjah.<\/p>\n<p>Pesmarica je na prodaj le v Romarskem uradu na Brezjah.<\/p>\n<p>Ve\u010djim skupinam romarjev nudijo popust ob nakupu.<\/p>\n","protected":false},"excerpt":{"rendered":"<p>Pesmarica je namenjena vsem romarjem, vsebuje Marijine in tudi druge pesmi, z notami in besedili. V pesmarici je tudi del molitvenega bogoslu\u017eja (brevirja) v \u010dast Mariji in \u0161e kratek molitvenik. V knji\u017eici boste na\u0161li tudi vse potrebne inormacije o urniku bogoslu\u017eij v sveti\u0161\u010du in kratko zgodovino o Brezjah. Pesmarica je na prodaj le v Romarskem [&hellip;]<\/p>\n","protected":false},"featured_media":399,"comment_status":"open","ping_status":"closed","template":"","meta":[],"product_brand":[],"product_cat":[36],"product_tag":[],"class_list":{"0":"post-398","1":"product","2":"type-product","3":"status-publish","4":"has-post-thumbnail","6":"product_cat-zunaj-zbirk","8":"first","9":"outofstock","10":"virtual","11":"taxable","12":"purchasable","13":"product-type-simple"},"_links":{"self":[{"href":"https:\/\/www.franciskani.si\/zbf\/wp-json\/wp\/v2\/product\/398","targetHints":{"allow":["GET"]}}],"collection":[{"href":"https:\/\/www.franciskani.si\/zbf\/wp-json\/wp\/v2\/product"}],"about":[{"href":"https:\/\/www.franciskani.si\/zbf\/wp-json\/wp\/v2\/types\/product"}],"replies":[{"embeddable":true,"href":"https:\/\/www.franciskani.si\/zbf\/wp-json\/wp\/v2\/comments?post=398"}],"wp:featuredmedia":[{"embeddable":true,"href":"https:\/\/www.franciskani.si\/zbf\/wp-json\/wp\/v2\/media\/399"}],"wp:attachment":[{"href":"https:\/\/www.franciskani.si\/zbf\/wp-json\/wp\/v2\/media?parent=398"}],"wp:term":[{"taxonomy":"product_brand","embeddable":true,"href":"https:\/\/www.franciskani.si\/zbf\/wp-json\/wp\/v2\/product_brand?post=398"},{"taxonomy":"product_cat","embeddable":true,"href":"https:\/\/www.franciskani.si\/zbf\/wp-json\/wp\/v2\/product_cat?post=398"},{"taxonomy":"product_tag","embeddable":true,"href":"https:\/\/www.franciskani.si\/zbf\/wp-json\/wp\/v2\/product_tag?post=398"}],"curies":[{"name":"wp","href":"https:\/\/api.w.org\/{rel}","templated":true}]}}