{"id":400,"date":"2017-08-20T16:21:03","date_gmt":"2017-08-20T14:21:03","guid":{"rendered":"http:\/\/www.franciskani.si\/zbf\/?post_type=product&#038;p=400"},"modified":"2017-08-20T16:21:03","modified_gmt":"2017-08-20T14:21:03","slug":"moj-credo","status":"publish","type":"product","link":"https:\/\/www.franciskani.si\/zbf\/izdelek\/moj-credo\/","title":{"rendered":"Moj credo"},"content":{"rendered":"<p>Ob letu vere so verniki \u017eupnije Marijinega oznanjenja v \u017eupnijska oznanila redno pisali kratka razmi\u0161ljanja o svojem verovanju. Tako je nastala zbirka meditacij in svojskih veroizpovedi, ki ka\u017eejo na raznolikost in bogastvo, obenem pa tudi na edinost na\u0161e vere. Svoje izkustvo so \u017eeleli ponuditi \u0161e \u0161ir\u0161e, zunaj \u017eupnijskih meja, in tako je pod urednikovanjem Andreje Pe\u010dek in s fotografskim prispevkom Petra Skoberneta nastala ljubka zbirka, pravi molitvenik. Naj ne bo le spomin na leto vere, ki gre h koncu, ampak spodbuda k njeni trajni rasti.<\/p>\n<p>Obseg 128 str; bro\u0161irano<\/p>\n","protected":false},"excerpt":{"rendered":"<p>Ob letu vere so verniki \u017eupnije Marijinega oznanjenja v \u017eupnijska oznanila redno pisali kratka razmi\u0161ljanja o svojem verovanju. Tako je nastala zbirka meditacij in svojskih veroizpovedi, ki ka\u017eejo na raznolikost in bogastvo, obenem pa tudi na edinost na\u0161e vere. Svoje izkustvo so \u017eeleli ponuditi \u0161e \u0161ir\u0161e, zunaj \u017eupnijskih meja, in tako je pod urednikovanjem Andreje [&hellip;]<\/p>\n","protected":false},"featured_media":401,"comment_status":"open","ping_status":"closed","template":"","meta":[],"product_brand":[],"product_cat":[36],"product_tag":[113],"class_list":{"0":"post-400","1":"product","2":"type-product","3":"status-publish","4":"has-post-thumbnail","6":"product_cat-zunaj-zbirk","7":"product_tag-andreja-pecek","9":"first","10":"instock","11":"taxable","12":"shipping-taxable","13":"purchasable","14":"product-type-simple"},"_links":{"self":[{"href":"https:\/\/www.franciskani.si\/zbf\/wp-json\/wp\/v2\/product\/400","targetHints":{"allow":["GET"]}}],"collection":[{"href":"https:\/\/www.franciskani.si\/zbf\/wp-json\/wp\/v2\/product"}],"about":[{"href":"https:\/\/www.franciskani.si\/zbf\/wp-json\/wp\/v2\/types\/product"}],"replies":[{"embeddable":true,"href":"https:\/\/www.franciskani.si\/zbf\/wp-json\/wp\/v2\/comments?post=400"}],"wp:featuredmedia":[{"embeddable":true,"href":"https:\/\/www.franciskani.si\/zbf\/wp-json\/wp\/v2\/media\/401"}],"wp:attachment":[{"href":"https:\/\/www.franciskani.si\/zbf\/wp-json\/wp\/v2\/media?parent=400"}],"wp:term":[{"taxonomy":"product_brand","embeddable":true,"href":"https:\/\/www.franciskani.si\/zbf\/wp-json\/wp\/v2\/product_brand?post=400"},{"taxonomy":"product_cat","embeddable":true,"href":"https:\/\/www.franciskani.si\/zbf\/wp-json\/wp\/v2\/product_cat?post=400"},{"taxonomy":"product_tag","embeddable":true,"href":"https:\/\/www.franciskani.si\/zbf\/wp-json\/wp\/v2\/product_tag?post=400"}],"curies":[{"name":"wp","href":"https:\/\/api.w.org\/{rel}","templated":true}]}}