{"id":402,"date":"2017-08-20T16:25:12","date_gmt":"2017-08-20T14:25:12","guid":{"rendered":"http:\/\/www.franciskani.si\/zbf\/?post_type=product&#038;p=402"},"modified":"2024-03-01T08:36:07","modified_gmt":"2024-03-01T07:36:07","slug":"mrtvi-clovek","status":"publish","type":"product","link":"https:\/\/www.franciskani.si\/zbf\/izdelek\/mrtvi-clovek\/","title":{"rendered":"Mrtvi \u010dlovek"},"content":{"rendered":"<p><strong>Friedrich von Gagern<\/strong><\/p>\n<p><strong><em><a href=\"https:\/\/www.franciskani.si\/zbf\/vzorci\/Mrtvi-clovek-Friedrich-von-Gagern.pdf\" target=\"_blank\" rel=\"noopener\">ELEKTRONSKA IZDAJA >>><\/a><\/em><\/strong><\/p>\n<p>V zapu\u0161\u010dini pokojnega p. Kazimirja \u010co\u017ea OFM smo na\u0161li tudi prevod indijanarice <em>Der tote Mann, Mrtvi \u010dlovek<\/em>, ki je delo v Mokricah rojenega Friedricha von Gagerna, ne\u010daka pesnika Anastazija Gruena, iz rodu turja\u0161kih in Zoisov. Prevod je bilo potrebno samo pretipkati, malo polektorirati in pripraviti za e-izdajo.<\/p>\n<p>Pa prijetno poletno branje. Tudi v spomin na na\u0161ega Kazota.<\/p>\n","protected":false},"excerpt":{"rendered":"<p>Friedrich von Gagern ELEKTRONSKA IZDAJA >>> V zapu\u0161\u010dini pokojnega p. Kazimirja \u010co\u017ea OFM smo na\u0161li tudi prevod indijanarice Der tote Mann, Mrtvi \u010dlovek, ki je delo v Mokricah rojenega Friedricha von Gagerna, ne\u010daka pesnika Anastazija Gruena, iz rodu turja\u0161kih in Zoisov. Prevod je bilo potrebno samo pretipkati, malo polektorirati in pripraviti za e-izdajo. Pa prijetno [&hellip;]<\/p>\n","protected":false},"featured_media":403,"comment_status":"open","ping_status":"closed","template":"","meta":[],"product_brand":[],"product_cat":[36],"product_tag":[114],"class_list":{"0":"post-402","1":"product","2":"type-product","3":"status-publish","4":"has-post-thumbnail","6":"product_cat-zunaj-zbirk","7":"product_tag-kazimir-coz-ofm","9":"first","10":"outofstock","11":"taxable","12":"shipping-taxable","13":"purchasable","14":"product-type-simple"},"_links":{"self":[{"href":"https:\/\/www.franciskani.si\/zbf\/wp-json\/wp\/v2\/product\/402","targetHints":{"allow":["GET"]}}],"collection":[{"href":"https:\/\/www.franciskani.si\/zbf\/wp-json\/wp\/v2\/product"}],"about":[{"href":"https:\/\/www.franciskani.si\/zbf\/wp-json\/wp\/v2\/types\/product"}],"replies":[{"embeddable":true,"href":"https:\/\/www.franciskani.si\/zbf\/wp-json\/wp\/v2\/comments?post=402"}],"wp:featuredmedia":[{"embeddable":true,"href":"https:\/\/www.franciskani.si\/zbf\/wp-json\/wp\/v2\/media\/403"}],"wp:attachment":[{"href":"https:\/\/www.franciskani.si\/zbf\/wp-json\/wp\/v2\/media?parent=402"}],"wp:term":[{"taxonomy":"product_brand","embeddable":true,"href":"https:\/\/www.franciskani.si\/zbf\/wp-json\/wp\/v2\/product_brand?post=402"},{"taxonomy":"product_cat","embeddable":true,"href":"https:\/\/www.franciskani.si\/zbf\/wp-json\/wp\/v2\/product_cat?post=402"},{"taxonomy":"product_tag","embeddable":true,"href":"https:\/\/www.franciskani.si\/zbf\/wp-json\/wp\/v2\/product_tag?post=402"}],"curies":[{"name":"wp","href":"https:\/\/api.w.org\/{rel}","templated":true}]}}