{"id":404,"date":"2017-08-20T16:28:53","date_gmt":"2017-08-20T14:28:53","guid":{"rendered":"http:\/\/www.franciskani.si\/zbf\/?post_type=product&#038;p=404"},"modified":"2017-08-21T00:17:57","modified_gmt":"2017-08-20T22:17:57","slug":"pasijon-po-gibsonu","status":"publish","type":"product","link":"https:\/\/www.franciskani.si\/zbf\/izdelek\/pasijon-po-gibsonu\/","title":{"rendered":"Pasijon po Gibsonu"},"content":{"rendered":"<p><strong>Andra\u017e Arko OFM<\/strong><\/p>\n<p>Pasijon po Gibsonu prina\u0161a \u0161irok vpogled v umetni\u0161ko, motivno in teolo\u0161ko zaledje filma, ki jih gledalec ob povr\u0161nem gledanju zlahka tudi<br \/>\nspregleda. Pri eksegetski analizi bibli\u010dnih besedil se opira na razlage enega vodilnih katoli\u0161kih eksegetov Raymonda Browna, kar mo\u010dno poglobi bibli\u010dno-teolo\u0161ko dimenzijo knjige. P. Andra\u017e \u017eeli biti s to knjigo v pomo\u010d vsem tistim, ki bi se \u017eeleli nau\u010diti bolj poglobljeno brati filmsko pripoved ter jo ovrednotiti tudi kot sodobno evangelizacijsko sredstvo. Gibsonovo uprizoritev Kristusovega pasijona, ki v filmsko pripoved mojstrsko vklju\u010duje tako najsodobnej\u0161o filmsko in dramatur\u0161ko tehniko, kot preverjeno svetopisemsko in apokrifno izro\u010dilo ter druge razli\u010dne zgodovinske in teolo\u0161ke vire, prika\u017ee kot aktualne na\u010dine medijske govorice o temeljnih teolo\u0161kih vsebinah. Branje bo tako gotovo obogatilo vse tiste, ki filmov ne po\u017eirajo samo z o\u010dmi, ampak si \u017eelijo kriti\u010dnega gledanja, ki ne ostaja samo pri sliki, ampak vodi do besede in misli, ki jo lahko izrazi ter jo tako sprejme ali zavrne. V tem primeru postaja tudi film \u0161ola komunikacije \u017eivljenja.<\/p>\n<p>format 16 x 23 cm<br \/>\nobseg 272 strani<\/p>\n","protected":false},"excerpt":{"rendered":"<p>Andra\u017e Arko OFM Pasijon po Gibsonu prina\u0161a \u0161irok vpogled v umetni\u0161ko, motivno in teolo\u0161ko zaledje filma, ki jih gledalec ob povr\u0161nem gledanju zlahka tudi spregleda. Pri eksegetski analizi bibli\u010dnih besedil se opira na razlage enega vodilnih katoli\u0161kih eksegetov Raymonda Browna, kar mo\u010dno poglobi bibli\u010dno-teolo\u0161ko dimenzijo knjige. P. Andra\u017e \u017eeli biti s to knjigo v pomo\u010d [&hellip;]<\/p>\n","protected":false},"featured_media":405,"comment_status":"open","ping_status":"closed","template":"","meta":[],"product_brand":[],"product_cat":[36],"product_tag":[59],"class_list":{"0":"post-404","1":"product","2":"type-product","3":"status-publish","4":"has-post-thumbnail","6":"product_cat-zunaj-zbirk","7":"product_tag-andraz-arko-ofm","9":"first","10":"instock","11":"taxable","12":"shipping-taxable","13":"purchasable","14":"product-type-simple"},"_links":{"self":[{"href":"https:\/\/www.franciskani.si\/zbf\/wp-json\/wp\/v2\/product\/404","targetHints":{"allow":["GET"]}}],"collection":[{"href":"https:\/\/www.franciskani.si\/zbf\/wp-json\/wp\/v2\/product"}],"about":[{"href":"https:\/\/www.franciskani.si\/zbf\/wp-json\/wp\/v2\/types\/product"}],"replies":[{"embeddable":true,"href":"https:\/\/www.franciskani.si\/zbf\/wp-json\/wp\/v2\/comments?post=404"}],"wp:featuredmedia":[{"embeddable":true,"href":"https:\/\/www.franciskani.si\/zbf\/wp-json\/wp\/v2\/media\/405"}],"wp:attachment":[{"href":"https:\/\/www.franciskani.si\/zbf\/wp-json\/wp\/v2\/media?parent=404"}],"wp:term":[{"taxonomy":"product_brand","embeddable":true,"href":"https:\/\/www.franciskani.si\/zbf\/wp-json\/wp\/v2\/product_brand?post=404"},{"taxonomy":"product_cat","embeddable":true,"href":"https:\/\/www.franciskani.si\/zbf\/wp-json\/wp\/v2\/product_cat?post=404"},{"taxonomy":"product_tag","embeddable":true,"href":"https:\/\/www.franciskani.si\/zbf\/wp-json\/wp\/v2\/product_tag?post=404"}],"curies":[{"name":"wp","href":"https:\/\/api.w.org\/{rel}","templated":true}]}}