{"id":414,"date":"2013-01-01T00:00:40","date_gmt":"2012-12-31T23:00:40","guid":{"rendered":"http:\/\/www.franciskani.si\/zbf\/?post_type=product&#038;p=414"},"modified":"2017-08-25T22:55:12","modified_gmt":"2017-08-25T20:55:12","slug":"v-ubostvu-in-veselju-2013","status":"publish","type":"product","link":"https:\/\/www.franciskani.si\/zbf\/izdelek\/v-ubostvu-in-veselju-2013\/","title":{"rendered":"V ubo\u0161tvu in veselju 2013"},"content":{"rendered":"<p>Ko ne ve\u0161, kaj bi prebral iz Svetega pisma, je tu knji\u017eica V ubo\u0161tvu in veselju 2013, ki te popelje do Bo\u017eje besede dneva z navedki svetopisemskih beril za leto C\/I, zbranih v obliki bogoslu\u017enega koledar\u010dka. Prilega se v vsako, tudi v \u017eepno izdajo Svetega pisma.<\/p>\n<p>Format: 10 x 13 cm; zvezek<\/p>\n<p>Obseg: 32 strani<\/p>\n","protected":false},"excerpt":{"rendered":"<p>Ko ne ve\u0161, kaj bi prebral iz Svetega pisma, je tu knji\u017eica V ubo\u0161tvu in veselju 2013, ki te popelje do Bo\u017eje besede dneva z navedki svetopisemskih beril za leto C\/I, zbranih v obliki bogoslu\u017enega koledar\u010dka. Prilega se v vsako, tudi v \u017eepno izdajo Svetega pisma. Format: 10 x 13 cm; zvezek Obseg: 32 strani<\/p>\n","protected":false},"featured_media":415,"comment_status":"open","ping_status":"closed","template":"","meta":[],"product_brand":[],"product_cat":[117,36],"product_tag":[],"class_list":{"0":"post-414","1":"product","2":"type-product","3":"status-publish","4":"has-post-thumbnail","6":"product_cat-razprodano","7":"product_cat-zunaj-zbirk","9":"first","10":"outofstock","11":"virtual","12":"taxable","13":"purchasable","14":"product-type-simple"},"_links":{"self":[{"href":"https:\/\/www.franciskani.si\/zbf\/wp-json\/wp\/v2\/product\/414","targetHints":{"allow":["GET"]}}],"collection":[{"href":"https:\/\/www.franciskani.si\/zbf\/wp-json\/wp\/v2\/product"}],"about":[{"href":"https:\/\/www.franciskani.si\/zbf\/wp-json\/wp\/v2\/types\/product"}],"replies":[{"embeddable":true,"href":"https:\/\/www.franciskani.si\/zbf\/wp-json\/wp\/v2\/comments?post=414"}],"wp:featuredmedia":[{"embeddable":true,"href":"https:\/\/www.franciskani.si\/zbf\/wp-json\/wp\/v2\/media\/415"}],"wp:attachment":[{"href":"https:\/\/www.franciskani.si\/zbf\/wp-json\/wp\/v2\/media?parent=414"}],"wp:term":[{"taxonomy":"product_brand","embeddable":true,"href":"https:\/\/www.franciskani.si\/zbf\/wp-json\/wp\/v2\/product_brand?post=414"},{"taxonomy":"product_cat","embeddable":true,"href":"https:\/\/www.franciskani.si\/zbf\/wp-json\/wp\/v2\/product_cat?post=414"},{"taxonomy":"product_tag","embeddable":true,"href":"https:\/\/www.franciskani.si\/zbf\/wp-json\/wp\/v2\/product_tag?post=414"}],"curies":[{"name":"wp","href":"https:\/\/api.w.org\/{rel}","templated":true}]}}