{"id":448,"date":"2017-08-23T00:24:42","date_gmt":"2017-08-22T22:24:42","guid":{"rendered":"http:\/\/www.franciskani.si\/zbf\/?post_type=product&#038;p=448"},"modified":"2021-08-26T11:45:49","modified_gmt":"2021-08-26T09:45:49","slug":"besede-zivljenja-3","status":"publish","type":"product","link":"https:\/\/www.franciskani.si\/zbf\/izdelek\/besede-zivljenja-3\/","title":{"rendered":"Besede \u017eivljenja 3; Jezusov nauk  in znamenja"},"content":{"rendered":"<p><strong>Silvin Kranjc OFM<\/strong><br \/>\n<em>BESEDE \u017dIVLJENJA 3<\/em><\/p>\n<p>To je \u017ee tretja v seriji knjig s tem naslovom. Njen namen je o\u017eivljanje in dopolnitev osnovno\u0161olskega verouka. Knjiga postavlja v ospredje Jezusovo delovanje, njegov nauk in njegovo u\u010denje, ki ga podpirajo znamenja (\u010dude\u017ei).<\/p>\n<p>format 29,7 x 21 cm<br \/>\nobseg 160 strani<\/p>\n<p><a href=\"https:\/\/www.franciskani.si\/zbf\/wp-content\/uploads\/2021\/08\/BZ3_reklama_1lekcija.pdf\" rel=\"noopener\" target=\"_blank\"><strong>Pokukajte v 1. lekcijo (PDF) >>><\/strong><\/a><\/p>\n","protected":false},"excerpt":{"rendered":"<p>Silvin Kranjc OFM BESEDE \u017dIVLJENJA 3 To je \u017ee tretja v seriji knjig s tem naslovom. Njen namen je o\u017eivljanje in dopolnitev osnovno\u0161olskega verouka. Knjiga postavlja v ospredje Jezusovo delovanje, njegov nauk in njegovo u\u010denje, ki ga podpirajo znamenja (\u010dude\u017ei). format 29,7 x 21 cm obseg 160 strani Pokukajte v 1. lekcijo (PDF) >>><\/p>\n","protected":false},"featured_media":450,"comment_status":"open","ping_status":"closed","template":"","meta":[],"product_brand":[],"product_cat":[118],"product_tag":[61],"class_list":{"0":"post-448","1":"product","2":"type-product","3":"status-publish","4":"has-post-thumbnail","6":"product_cat-besede-zivljenja","7":"product_tag-silvin-krajnc-ofm","9":"first","10":"instock","11":"taxable","12":"shipping-taxable","13":"purchasable","14":"product-type-simple"},"_links":{"self":[{"href":"https:\/\/www.franciskani.si\/zbf\/wp-json\/wp\/v2\/product\/448","targetHints":{"allow":["GET"]}}],"collection":[{"href":"https:\/\/www.franciskani.si\/zbf\/wp-json\/wp\/v2\/product"}],"about":[{"href":"https:\/\/www.franciskani.si\/zbf\/wp-json\/wp\/v2\/types\/product"}],"replies":[{"embeddable":true,"href":"https:\/\/www.franciskani.si\/zbf\/wp-json\/wp\/v2\/comments?post=448"}],"wp:featuredmedia":[{"embeddable":true,"href":"https:\/\/www.franciskani.si\/zbf\/wp-json\/wp\/v2\/media\/450"}],"wp:attachment":[{"href":"https:\/\/www.franciskani.si\/zbf\/wp-json\/wp\/v2\/media?parent=448"}],"wp:term":[{"taxonomy":"product_brand","embeddable":true,"href":"https:\/\/www.franciskani.si\/zbf\/wp-json\/wp\/v2\/product_brand?post=448"},{"taxonomy":"product_cat","embeddable":true,"href":"https:\/\/www.franciskani.si\/zbf\/wp-json\/wp\/v2\/product_cat?post=448"},{"taxonomy":"product_tag","embeddable":true,"href":"https:\/\/www.franciskani.si\/zbf\/wp-json\/wp\/v2\/product_tag?post=448"}],"curies":[{"name":"wp","href":"https:\/\/api.w.org\/{rel}","templated":true}]}}