{"id":494,"date":"2017-12-09T17:42:43","date_gmt":"2017-12-09T16:42:43","guid":{"rendered":"http:\/\/www.franciskani.si\/zbf\/?post_type=product&#038;p=494"},"modified":"2018-03-26T19:55:06","modified_gmt":"2018-03-26T17:55:06","slug":"hvala-cd-ob-25-letnici-zbora-mpp","status":"publish","type":"product","link":"https:\/\/www.franciskani.si\/zbf\/izdelek\/hvala-cd-ob-25-letnici-zbora-mpp\/","title":{"rendered":"Hvala &#8211; CD ob 25-letnici zbora MPP"},"content":{"rendered":"<p><strong>Hvala &#8211; CD ob 25-letnici zbora MPP<\/strong><\/p>\n<p>Bo\u017eje kraljestvo<br \/>\nBlagor \u010distim v srcu<br \/>\nMarijina<br \/>\nVeselje nad sveti\u0161\u010dem<br \/>\nOgenj, ki \u017ege<br \/>\nO\u010de na\u0161, Bog vesolja<br \/>\nDnevi Elija<br \/>\nPs 126<br \/>\nPs 139<br \/>\nPesem za lahko no\u010d<\/p>\n","protected":false},"excerpt":{"rendered":"<p>Hvala &#8211; CD ob 25-letnici zbora MPP Bo\u017eje kraljestvo Blagor \u010distim v srcu Marijina Veselje nad sveti\u0161\u010dem Ogenj, ki \u017ege O\u010de na\u0161, Bog vesolja Dnevi Elija Ps 126 Ps 139 Pesem za lahko no\u010d<\/p>\n","protected":false},"featured_media":495,"comment_status":"open","ping_status":"closed","template":"","meta":[],"product_brand":[],"product_cat":[29],"product_tag":[],"class_list":{"0":"post-494","1":"product","2":"type-product","3":"status-publish","4":"has-post-thumbnail","6":"product_cat-zgoscenke","8":"first","9":"outofstock","10":"taxable","11":"shipping-taxable","12":"purchasable","13":"product-type-simple"},"_links":{"self":[{"href":"https:\/\/www.franciskani.si\/zbf\/wp-json\/wp\/v2\/product\/494","targetHints":{"allow":["GET"]}}],"collection":[{"href":"https:\/\/www.franciskani.si\/zbf\/wp-json\/wp\/v2\/product"}],"about":[{"href":"https:\/\/www.franciskani.si\/zbf\/wp-json\/wp\/v2\/types\/product"}],"replies":[{"embeddable":true,"href":"https:\/\/www.franciskani.si\/zbf\/wp-json\/wp\/v2\/comments?post=494"}],"wp:featuredmedia":[{"embeddable":true,"href":"https:\/\/www.franciskani.si\/zbf\/wp-json\/wp\/v2\/media\/495"}],"wp:attachment":[{"href":"https:\/\/www.franciskani.si\/zbf\/wp-json\/wp\/v2\/media?parent=494"}],"wp:term":[{"taxonomy":"product_brand","embeddable":true,"href":"https:\/\/www.franciskani.si\/zbf\/wp-json\/wp\/v2\/product_brand?post=494"},{"taxonomy":"product_cat","embeddable":true,"href":"https:\/\/www.franciskani.si\/zbf\/wp-json\/wp\/v2\/product_cat?post=494"},{"taxonomy":"product_tag","embeddable":true,"href":"https:\/\/www.franciskani.si\/zbf\/wp-json\/wp\/v2\/product_tag?post=494"}],"curies":[{"name":"wp","href":"https:\/\/api.w.org\/{rel}","templated":true}]}}