{"id":563,"date":"2018-10-12T11:25:36","date_gmt":"2018-10-12T09:25:36","guid":{"rendered":"https:\/\/www.franciskani.si\/zbf\/?post_type=product&#038;p=563"},"modified":"2018-10-12T11:51:26","modified_gmt":"2018-10-12T09:51:26","slug":"iskalca-pradednih-casti","status":"publish","type":"product","link":"https:\/\/www.franciskani.si\/zbf\/izdelek\/iskalca-pradednih-casti\/","title":{"rendered":"Iskalca pradednih \u010dasti"},"content":{"rendered":"<p><strong>Andra\u017e Arko OFM<br \/>\nIlustrirala Ur\u0161a Ro\u017ei\u010d<\/strong><\/p>\n<p>Ljubljana 2018<\/p>\n<p>To se sli\u0161i precej zagonetno \u2013 Iskalca pradednih \u010dasti. Za kak\u0161ne \u010dasti gre pri tem? Za \u010digavo \u010dast, pomembnost in slavo? Kdo je ta praded? In seveda bistveno \u2013 kdo sta ta dva iskalca?<\/p>\n<p>\u010ce \u017eelimo spoznati iskalca, solunska brata Cirila in Metoda, se moramo vrniti v zgodovino za 1200 let. Kar zadeva pradeda in njegove \u010dasti, pa moramo za\u010deti tam, kjer se za\u010dne knjiga vseh knjig \u2013 Sveto pismo: \u00bbV za\u010detku je Bog ustvaril nebo in zemljo.\u00ab Nekaj vrstic zatem v Prvi Mojzesovi knjigi beremo \u0161e: \u00bbBog je ustvaril \u010dloveka po svoji podobi, po Bo\u017eji podobi ga je ustvaril, mo\u0161kega in \u017eensko je ustvaril\u00ab (1 Mz 1,1.27). To je pradedna \u010dast, tisto temeljno dostojanstvo vsakega \u010dloveka, saj smo vsi ustvarjeni po Bo\u017eji podobi. Toda zakaj Ciril in Metod i\u0161\u010deta pradedno \u010dast? Ciril to razlo\u017ei s prispodobo: \u00bbDeda sem imel zelo velikega in slavnega, ki je stal blizu cesarja (Boga), a je prostovoljno zavrgel \u010dast, ki mu je bila podarjena, in bil zato izgnan. Zdaj pa i\u0161\u010dem to pradedovo \u010dast, kajti Adamov vnuk sem.\u00ab Oba brata sta tako postala iskalca pradednih \u010dasti, tistega prvotnega stanja posve\u010dujo\u010de milosti, po kateri je bil prvi \u010dlovek dele\u017een Bo\u017eje narave in tako na poseben na\u010din podoben Bogu. Pa sta v svojem iskanju uspela te \u010dasti odkriti in najti?<\/p>\n<p>ISBN 978-961-6873-51-2<\/p>\n<p>Format: 30 x 21 cm, trda vezava, 64 strani<\/p>\n","protected":false},"excerpt":{"rendered":"<p>Andra\u017e Arko OFM Ilustrirala Ur\u0161a Ro\u017ei\u010d Ljubljana 2018 To se sli\u0161i precej zagonetno \u2013 Iskalca pradednih \u010dasti. Za kak\u0161ne \u010dasti gre pri tem? Za \u010digavo \u010dast, pomembnost in slavo? Kdo je ta praded? In seveda bistveno \u2013 kdo sta ta dva iskalca? \u010ce \u017eelimo spoznati iskalca, solunska brata Cirila in Metoda, se moramo vrniti v [&hellip;]<\/p>\n","protected":false},"featured_media":565,"comment_status":"open","ping_status":"closed","template":"","meta":[],"product_brand":[],"product_cat":[28],"product_tag":[59],"class_list":{"0":"post-563","1":"product","2":"type-product","3":"status-publish","4":"has-post-thumbnail","6":"product_cat-slikanice","7":"product_tag-andraz-arko-ofm","9":"first","10":"instock","11":"taxable","12":"shipping-taxable","13":"purchasable","14":"product-type-simple"},"_links":{"self":[{"href":"https:\/\/www.franciskani.si\/zbf\/wp-json\/wp\/v2\/product\/563","targetHints":{"allow":["GET"]}}],"collection":[{"href":"https:\/\/www.franciskani.si\/zbf\/wp-json\/wp\/v2\/product"}],"about":[{"href":"https:\/\/www.franciskani.si\/zbf\/wp-json\/wp\/v2\/types\/product"}],"replies":[{"embeddable":true,"href":"https:\/\/www.franciskani.si\/zbf\/wp-json\/wp\/v2\/comments?post=563"}],"wp:featuredmedia":[{"embeddable":true,"href":"https:\/\/www.franciskani.si\/zbf\/wp-json\/wp\/v2\/media\/565"}],"wp:attachment":[{"href":"https:\/\/www.franciskani.si\/zbf\/wp-json\/wp\/v2\/media?parent=563"}],"wp:term":[{"taxonomy":"product_brand","embeddable":true,"href":"https:\/\/www.franciskani.si\/zbf\/wp-json\/wp\/v2\/product_brand?post=563"},{"taxonomy":"product_cat","embeddable":true,"href":"https:\/\/www.franciskani.si\/zbf\/wp-json\/wp\/v2\/product_cat?post=563"},{"taxonomy":"product_tag","embeddable":true,"href":"https:\/\/www.franciskani.si\/zbf\/wp-json\/wp\/v2\/product_tag?post=563"}],"curies":[{"name":"wp","href":"https:\/\/api.w.org\/{rel}","templated":true}]}}