{"id":566,"date":"2018-10-12T11:42:35","date_gmt":"2018-10-12T09:42:35","guid":{"rendered":"https:\/\/www.franciskani.si\/zbf\/?post_type=product&#038;p=566"},"modified":"2021-08-26T11:44:59","modified_gmt":"2021-08-26T09:44:59","slug":"besede-zivljenja-4-mojzesove-knjige","status":"publish","type":"product","link":"https:\/\/www.franciskani.si\/zbf\/izdelek\/besede-zivljenja-4-mojzesove-knjige\/","title":{"rendered":"Besede \u017eivljenja 4; Mojzesove knjige"},"content":{"rendered":"<p><strong>Silvin Krajnc OFM,\u00a0<\/strong><strong>Jelka Melik,\u00a0<\/strong><strong>\u017diva Melik<\/strong><\/p>\n<p>V knjigi Besede \u017eivljenja 4 so predstavljeni odlomki iz prvih petih knjig\u00a0 Svetega pisma, ki jih ozna\u010dujemo kot Mojzesove knjige, imenujemo pa jih tudi s skupnim imenom Peterokni\u017eje (gr\u0161ko Pentatevh). Judje jim pravijo Tora, kar prevajamo z besedo Postava. Mojzes velja tako v judovskem kot v kr\u0161\u010danskem izro\u010dilu za zakonodajalca po Bo\u017ejem izboru in poslanstvu. Knjige so med seboj tesno povezane in v njih zasledimo niz dogodkov od stvarjenja sveta do Mojzesove smrti. Poro\u010dila o za\u010detkih, o\u010dakih in Mojzesu so kot neke vrste obse\u017een uvod v Mojzesovo postavo. Bo\u017eje ljudstvo je prikazano sredi drugih narodov, opisane so okoli\u0161\u010dine njegove izvolitve, zakoni postavljajo norme njihovega dru\u017ebenega \u017eivljenja. Zakoni\u00a0 so vpleteni v zgodovinsko dogajanje in niso podobni sodobnim zakonodajam.<\/p>\n<p><a href=\"https:\/\/www.franciskani.si\/zbf\/wp-content\/uploads\/2021\/08\/BZ4_reklama_1lekcija.pdf\" rel=\"noopener\" target=\"_blank\"><strong>Pokukajte v 1. lekcijo (PDF) >>><\/strong><\/a><\/p>\n","protected":false},"excerpt":{"rendered":"<p>Silvin Krajnc OFM,\u00a0Jelka Melik,\u00a0\u017diva Melik V knjigi Besede \u017eivljenja 4 so predstavljeni odlomki iz prvih petih knjig\u00a0 Svetega pisma, ki jih ozna\u010dujemo kot Mojzesove knjige, imenujemo pa jih tudi s skupnim imenom Peterokni\u017eje (gr\u0161ko Pentatevh). Judje jim pravijo Tora, kar prevajamo z besedo Postava. Mojzes velja tako v judovskem kot v kr\u0161\u010danskem izro\u010dilu za zakonodajalca [&hellip;]<\/p>\n","protected":false},"featured_media":567,"comment_status":"open","ping_status":"closed","template":"","meta":[],"product_brand":[],"product_cat":[118],"product_tag":[61],"class_list":{"0":"post-566","1":"product","2":"type-product","3":"status-publish","4":"has-post-thumbnail","6":"product_cat-besede-zivljenja","7":"product_tag-silvin-krajnc-ofm","9":"first","10":"instock","11":"taxable","12":"shipping-taxable","13":"purchasable","14":"product-type-simple"},"_links":{"self":[{"href":"https:\/\/www.franciskani.si\/zbf\/wp-json\/wp\/v2\/product\/566","targetHints":{"allow":["GET"]}}],"collection":[{"href":"https:\/\/www.franciskani.si\/zbf\/wp-json\/wp\/v2\/product"}],"about":[{"href":"https:\/\/www.franciskani.si\/zbf\/wp-json\/wp\/v2\/types\/product"}],"replies":[{"embeddable":true,"href":"https:\/\/www.franciskani.si\/zbf\/wp-json\/wp\/v2\/comments?post=566"}],"wp:featuredmedia":[{"embeddable":true,"href":"https:\/\/www.franciskani.si\/zbf\/wp-json\/wp\/v2\/media\/567"}],"wp:attachment":[{"href":"https:\/\/www.franciskani.si\/zbf\/wp-json\/wp\/v2\/media?parent=566"}],"wp:term":[{"taxonomy":"product_brand","embeddable":true,"href":"https:\/\/www.franciskani.si\/zbf\/wp-json\/wp\/v2\/product_brand?post=566"},{"taxonomy":"product_cat","embeddable":true,"href":"https:\/\/www.franciskani.si\/zbf\/wp-json\/wp\/v2\/product_cat?post=566"},{"taxonomy":"product_tag","embeddable":true,"href":"https:\/\/www.franciskani.si\/zbf\/wp-json\/wp\/v2\/product_tag?post=566"}],"curies":[{"name":"wp","href":"https:\/\/api.w.org\/{rel}","templated":true}]}}