{"id":569,"date":"2018-10-12T11:48:55","date_gmt":"2018-10-12T09:48:55","guid":{"rendered":"https:\/\/www.franciskani.si\/zbf\/?post_type=product&#038;p=569"},"modified":"2018-10-12T11:52:26","modified_gmt":"2018-10-12T09:52:26","slug":"psihoanaliza-in-sakralno-izkustvo","status":"publish","type":"product","link":"https:\/\/www.franciskani.si\/zbf\/izdelek\/psihoanaliza-in-sakralno-izkustvo\/","title":{"rendered":"Psihoanaliza in sakralno izkustvo"},"content":{"rendered":"<p><strong>Christian Goste\u010dnik OFM<\/strong><\/p>\n<p>Ljubljana 2018<\/p>\n<p>Psihoanaliti\u010dna relacijska paradigma predpostavlja, da imata tako religiozni kot nereligiozni \u010dlovek svoje psihi\u010dne razloge za vero oziroma nevero. Zato je pomembno ugotoviti v kak\u0161nega Boga verujo\u010di veruje oziroma v kak\u0161nega Boga neverujo\u010di ne veruje. Tudi religiozna oseba namre\u010d ne veruje v Boga v katerega nereligiozna oseba ne veruje ali ne more verjeti.<\/p>\n","protected":false},"excerpt":{"rendered":"<p>Christian Goste\u010dnik OFM Ljubljana 2018 Psihoanaliti\u010dna relacijska paradigma predpostavlja, da imata tako religiozni kot nereligiozni \u010dlovek svoje psihi\u010dne razloge za vero oziroma nevero. Zato je pomembno ugotoviti v kak\u0161nega Boga verujo\u010di veruje oziroma v kak\u0161nega Boga neverujo\u010di ne veruje. Tudi religiozna oseba namre\u010d ne veruje v Boga v katerega nereligiozna oseba ne veruje ali ne [&hellip;]<\/p>\n","protected":false},"featured_media":570,"comment_status":"open","ping_status":"closed","template":"","meta":[],"product_brand":[],"product_cat":[35],"product_tag":[72],"class_list":{"0":"post-569","1":"product","2":"type-product","3":"status-publish","4":"has-post-thumbnail","6":"product_cat-monografije-fdi","7":"product_tag-christian-gostecnik-ofm","9":"first","10":"instock","11":"taxable","12":"shipping-taxable","13":"purchasable","14":"product-type-simple"},"_links":{"self":[{"href":"https:\/\/www.franciskani.si\/zbf\/wp-json\/wp\/v2\/product\/569","targetHints":{"allow":["GET"]}}],"collection":[{"href":"https:\/\/www.franciskani.si\/zbf\/wp-json\/wp\/v2\/product"}],"about":[{"href":"https:\/\/www.franciskani.si\/zbf\/wp-json\/wp\/v2\/types\/product"}],"replies":[{"embeddable":true,"href":"https:\/\/www.franciskani.si\/zbf\/wp-json\/wp\/v2\/comments?post=569"}],"wp:featuredmedia":[{"embeddable":true,"href":"https:\/\/www.franciskani.si\/zbf\/wp-json\/wp\/v2\/media\/570"}],"wp:attachment":[{"href":"https:\/\/www.franciskani.si\/zbf\/wp-json\/wp\/v2\/media?parent=569"}],"wp:term":[{"taxonomy":"product_brand","embeddable":true,"href":"https:\/\/www.franciskani.si\/zbf\/wp-json\/wp\/v2\/product_brand?post=569"},{"taxonomy":"product_cat","embeddable":true,"href":"https:\/\/www.franciskani.si\/zbf\/wp-json\/wp\/v2\/product_cat?post=569"},{"taxonomy":"product_tag","embeddable":true,"href":"https:\/\/www.franciskani.si\/zbf\/wp-json\/wp\/v2\/product_tag?post=569"}],"curies":[{"name":"wp","href":"https:\/\/api.w.org\/{rel}","templated":true}]}}