{"id":708,"date":"2020-06-01T10:16:45","date_gmt":"2020-06-01T08:16:45","guid":{"rendered":"https:\/\/www.franciskani.si\/zbf\/?post_type=product&#038;p=708"},"modified":"2020-06-01T11:07:01","modified_gmt":"2020-06-01T09:07:01","slug":"christian-gostecnik-najgloblji-izzivi-ljubezni","status":"publish","type":"product","link":"https:\/\/www.franciskani.si\/zbf\/izdelek\/christian-gostecnik-najgloblji-izzivi-ljubezni\/","title":{"rendered":"Christian Goste\u010dnik: Najgloblji izzivi ljubezni"},"content":{"rendered":"<p><strong>Christian Goste\u010dnik OFM<\/strong><\/p>\n<p>Ljubljana 2020<\/p>\n<p>Ljubezen je temeljna gonilna sila \u010dlove\u0161kega razvoja in obenem najmo\u010dnej\u0161i nagon, ki ga vsak posameznik na svojski na\u010din ho\u010de uresni\u010diti v \u017eivljenju. Za ljubezen smo pripravljeni in sposobni narediti ve\u010d kot za katerokoli drugo \u017eeljo ali potrebo. Zato ustvarjamo odnose, v katerih biva ljubezen, zato ustvarjamo partnerstva in zato ustvarjamo dru\u017eine. Z gotovostjo lahko torej trdimo, da je dru\u017eina zares najbolj prilagodljiva izmed vseh \u010dlove\u0161kih institucij, saj je lahko vedno \u2013 in tudi je \u2013 zibelka in \u017eari\u0161\u010de ljubezni, ki nas vodi skozi \u017eivljenje. In ko je najte\u017eje, je ljubezen, pre\u017eeta z molitvijo, edina sila, ki nas lahko pripelje do razre\u0161itve \u0161e tako te\u017ekih zapletov.<\/p>\n<p>ISBN 978-961-6873-58-1<\/p>\n<p>Format: 15 x 20,5 cm, trda vezava, 408 strani<\/p>\n","protected":false},"excerpt":{"rendered":"<p>Christian Goste\u010dnik OFM Ljubljana 2020 Ljubezen je temeljna gonilna sila \u010dlove\u0161kega razvoja in obenem najmo\u010dnej\u0161i nagon, ki ga vsak posameznik na svojski na\u010din ho\u010de uresni\u010diti v \u017eivljenju. Za ljubezen smo pripravljeni in sposobni narediti ve\u010d kot za katerokoli drugo \u017eeljo ali potrebo. Zato ustvarjamo odnose, v katerih biva ljubezen, zato ustvarjamo partnerstva in zato ustvarjamo [&hellip;]<\/p>\n","protected":false},"featured_media":712,"comment_status":"open","ping_status":"closed","template":"","meta":[],"product_brand":[],"product_cat":[35],"product_tag":[72],"class_list":{"0":"post-708","1":"product","2":"type-product","3":"status-publish","4":"has-post-thumbnail","6":"product_cat-monografije-fdi","7":"product_tag-christian-gostecnik-ofm","9":"first","10":"instock","11":"taxable","12":"shipping-taxable","13":"purchasable","14":"product-type-simple"},"_links":{"self":[{"href":"https:\/\/www.franciskani.si\/zbf\/wp-json\/wp\/v2\/product\/708","targetHints":{"allow":["GET"]}}],"collection":[{"href":"https:\/\/www.franciskani.si\/zbf\/wp-json\/wp\/v2\/product"}],"about":[{"href":"https:\/\/www.franciskani.si\/zbf\/wp-json\/wp\/v2\/types\/product"}],"replies":[{"embeddable":true,"href":"https:\/\/www.franciskani.si\/zbf\/wp-json\/wp\/v2\/comments?post=708"}],"wp:featuredmedia":[{"embeddable":true,"href":"https:\/\/www.franciskani.si\/zbf\/wp-json\/wp\/v2\/media\/712"}],"wp:attachment":[{"href":"https:\/\/www.franciskani.si\/zbf\/wp-json\/wp\/v2\/media?parent=708"}],"wp:term":[{"taxonomy":"product_brand","embeddable":true,"href":"https:\/\/www.franciskani.si\/zbf\/wp-json\/wp\/v2\/product_brand?post=708"},{"taxonomy":"product_cat","embeddable":true,"href":"https:\/\/www.franciskani.si\/zbf\/wp-json\/wp\/v2\/product_cat?post=708"},{"taxonomy":"product_tag","embeddable":true,"href":"https:\/\/www.franciskani.si\/zbf\/wp-json\/wp\/v2\/product_tag?post=708"}],"curies":[{"name":"wp","href":"https:\/\/api.w.org\/{rel}","templated":true}]}}