{"id":748,"date":"2020-10-03T13:27:12","date_gmt":"2020-10-03T11:27:12","guid":{"rendered":"https:\/\/www.franciskani.si\/zbf\/?post_type=product&#038;p=748"},"modified":"2025-04-01T17:02:32","modified_gmt":"2025-04-01T15:02:32","slug":"sv-bonaventura-drevo-zivljenja","status":"publish","type":"product","link":"https:\/\/www.franciskani.si\/zbf\/izdelek\/sv-bonaventura-drevo-zivljenja\/","title":{"rendered":"sv. Bonaventura: Drevo \u017eivljenja"},"content":{"rendered":"<h1><strong>Zadnji izvodi &#8211; Pred naro\u010dilom preverite stanje zaloge! (pi\u0161i na: <a href=\"mailto:zbf@ofm.si\" target=\"_blank\" rel=\"noopener\">zbf@ofm.si<\/a>)<\/strong><\/h1>\n<p><img loading=\"lazy\" decoding=\"async\" class=\"alignnone size-full wp-image-749\" src=\"https:\/\/www.franciskani.si\/zbf\/wp-content\/uploads\/2020\/10\/BDZ_mini.jpg\" alt=\"\" width=\"150\" height=\"238\" \/><\/p>\n<p><a href=\"https:\/\/www.franciskani.si\/zbf\/wp-content\/uploads\/2020\/10\/BDZ-Vzorec.pdf\">Klikni za PDF: BDZ-Vzorec<\/a><\/p>\n<p><a href=\"https:\/\/www.franciskani.si\/zbf\/wp-content\/uploads\/2020\/10\/BDZ-Kazalo.pdf\">Klikni za PDF: BDZ-Kazalo<\/a><\/p>\n<p>&nbsp;<\/p>\n","protected":false},"excerpt":{"rendered":"<p><strong>Bonaventura: Drevo \u017eivljenja<\/strong><\/p>\n<p>Ljubljana, 2020<\/p>\n<p>Prevedel br. Jan Dominik Bogataj OFM<\/p>\n<p>Spis Drevo \u017eivljenja sodi med Bonaventurova dela s podro\u010dja duhovnosti, kjer za razliko od bolj filozofsko naravnanih in misti\u010dno spekulativnih del postavlja v ospredje premi\u0161ljevanje Kristusovega \u017eivljenja v podobi drevesa. \u010ceprav je Drevo \u017eivljenja bolj pobo\u017enostne narave, v jedru ohranja teolo\u0161ko vizijo, ki jo je Bonaventura \u017ee prej razvil v Potovanju du\u0161e k Bogu.<br \/>\nV 48 premi\u0161ljevanjih, razdeljenih glede na trojno skrivnost Odre\u0161enikove zemeljske poti \u2013 <em>mysterium originis<\/em> (skrivnost izvora), <em>passionis<\/em> (trpljenja) <em>et glorificationis<\/em> (in poveli\u010danja) \u2013, ki so predstavljene v podobi treh vej, ko se vsaka razra\u0161\u010da naprej \u0161e v \u0161tiri, serafski u\u010ditelj na vsako teh dvanajstih vej naniza \u0161tiri sadove, ki zrastejo na njih.<br \/>\nSpis Drevo \u017eivljenja bralca vklju\u010di v dinami\u010den proces prili\u010denja Kristusu v njegovem \u017eivljenju, smrti in vstajenju prek privzetja Kristusovega trpljenja in smrti, ko udele\u017eenost pri kri\u017eu vodi onkraj, k vstalemu \u017eivljenju v ljubezni Trojice.<\/p>\n","protected":false},"featured_media":749,"comment_status":"open","ping_status":"closed","template":"","meta":[],"product_brand":[],"product_cat":[24,120],"product_tag":[86],"class_list":{"0":"post-748","1":"product","2":"type-product","3":"status-publish","4":"has-post-thumbnail","6":"product_cat-pergamenti","7":"product_cat-uncategorized","8":"product_tag-jan-dominik-bogataj-ofm","10":"first","11":"instock","12":"taxable","13":"shipping-taxable","14":"purchasable","15":"product-type-simple"},"_links":{"self":[{"href":"https:\/\/www.franciskani.si\/zbf\/wp-json\/wp\/v2\/product\/748","targetHints":{"allow":["GET"]}}],"collection":[{"href":"https:\/\/www.franciskani.si\/zbf\/wp-json\/wp\/v2\/product"}],"about":[{"href":"https:\/\/www.franciskani.si\/zbf\/wp-json\/wp\/v2\/types\/product"}],"replies":[{"embeddable":true,"href":"https:\/\/www.franciskani.si\/zbf\/wp-json\/wp\/v2\/comments?post=748"}],"wp:featuredmedia":[{"embeddable":true,"href":"https:\/\/www.franciskani.si\/zbf\/wp-json\/wp\/v2\/media\/749"}],"wp:attachment":[{"href":"https:\/\/www.franciskani.si\/zbf\/wp-json\/wp\/v2\/media?parent=748"}],"wp:term":[{"taxonomy":"product_brand","embeddable":true,"href":"https:\/\/www.franciskani.si\/zbf\/wp-json\/wp\/v2\/product_brand?post=748"},{"taxonomy":"product_cat","embeddable":true,"href":"https:\/\/www.franciskani.si\/zbf\/wp-json\/wp\/v2\/product_cat?post=748"},{"taxonomy":"product_tag","embeddable":true,"href":"https:\/\/www.franciskani.si\/zbf\/wp-json\/wp\/v2\/product_tag?post=748"}],"curies":[{"name":"wp","href":"https:\/\/api.w.org\/{rel}","templated":true}]}}