{"id":799,"date":"2021-01-12T16:02:22","date_gmt":"2021-01-12T15:02:22","guid":{"rendered":"https:\/\/www.franciskani.si\/zbf\/?post_type=product&#038;p=799"},"modified":"2021-02-07T23:05:34","modified_gmt":"2021-02-07T22:05:34","slug":"christian-gostecnik-nevroznanost-in-relacijska-druzinska-terapija","status":"publish","type":"product","link":"https:\/\/www.franciskani.si\/zbf\/izdelek\/christian-gostecnik-nevroznanost-in-relacijska-druzinska-terapija\/","title":{"rendered":"Christian Goste\u010dnik: Nevroznanost in relacijska dru\u017einska terapija"},"content":{"rendered":"<p><strong>Christian Goste\u010dnik OFM<\/strong><\/p>\n<p>Ljubljana 2021<\/p>\n<p>Relacijski dru\u017einski model predpostavlja, da posameznikovi zgodnji odnosi s star\u0161i in pomembnimi drugimi, zelo radikalno vplivajo na vse kasnej\u0161e pomembne odnose v posameznikovem \u017eivljenju. Vedno znova si bo izbiral, predvsem intimne partnerje, na osnovi teh zgodnjih izku\u0161enj, ki so globoko vtisnjeni v njegov nezavedni psiho-organski spomin. Relacijska terapija zato sku\u0161a, ravno na osnovi sakralnosti intimnih odnosov v sedanjosti, preoblikovati stara, \u0161e tako travmati\u010dna izkustva v odnose, ki osre\u010dujejo.<\/p>\n<p>ISBN 978-961-6873-61-1<\/p>\n<p>Format: 15 x 20,5 cm, trda vezava, 432 strani<\/p>\n","protected":false},"excerpt":{"rendered":"<p>Christian Goste\u010dnik OFM Ljubljana 2021 Relacijski dru\u017einski model predpostavlja, da posameznikovi zgodnji odnosi s star\u0161i in pomembnimi drugimi, zelo radikalno vplivajo na vse kasnej\u0161e pomembne odnose v posameznikovem \u017eivljenju. Vedno znova si bo izbiral, predvsem intimne partnerje, na osnovi teh zgodnjih izku\u0161enj, ki so globoko vtisnjeni v njegov nezavedni psiho-organski spomin. Relacijska terapija zato sku\u0161a, [&hellip;]<\/p>\n","protected":false},"featured_media":841,"comment_status":"open","ping_status":"closed","template":"","meta":[],"product_brand":[],"product_cat":[35,120],"product_tag":[72],"class_list":{"0":"post-799","1":"product","2":"type-product","3":"status-publish","4":"has-post-thumbnail","6":"product_cat-monografije-fdi","7":"product_cat-uncategorized","8":"product_tag-christian-gostecnik-ofm","10":"first","11":"instock","12":"taxable","13":"shipping-taxable","14":"purchasable","15":"product-type-simple"},"_links":{"self":[{"href":"https:\/\/www.franciskani.si\/zbf\/wp-json\/wp\/v2\/product\/799","targetHints":{"allow":["GET"]}}],"collection":[{"href":"https:\/\/www.franciskani.si\/zbf\/wp-json\/wp\/v2\/product"}],"about":[{"href":"https:\/\/www.franciskani.si\/zbf\/wp-json\/wp\/v2\/types\/product"}],"replies":[{"embeddable":true,"href":"https:\/\/www.franciskani.si\/zbf\/wp-json\/wp\/v2\/comments?post=799"}],"wp:featuredmedia":[{"embeddable":true,"href":"https:\/\/www.franciskani.si\/zbf\/wp-json\/wp\/v2\/media\/841"}],"wp:attachment":[{"href":"https:\/\/www.franciskani.si\/zbf\/wp-json\/wp\/v2\/media?parent=799"}],"wp:term":[{"taxonomy":"product_brand","embeddable":true,"href":"https:\/\/www.franciskani.si\/zbf\/wp-json\/wp\/v2\/product_brand?post=799"},{"taxonomy":"product_cat","embeddable":true,"href":"https:\/\/www.franciskani.si\/zbf\/wp-json\/wp\/v2\/product_cat?post=799"},{"taxonomy":"product_tag","embeddable":true,"href":"https:\/\/www.franciskani.si\/zbf\/wp-json\/wp\/v2\/product_tag?post=799"}],"curies":[{"name":"wp","href":"https:\/\/api.w.org\/{rel}","templated":true}]}}