{"id":811,"date":"2021-01-14T17:07:08","date_gmt":"2021-01-14T16:07:08","guid":{"rendered":"https:\/\/www.franciskani.si\/zbf\/?post_type=product&#038;p=811"},"modified":"2021-01-14T17:10:16","modified_gmt":"2021-01-14T16:10:16","slug":"posebna-ponudba-komplet-3-knjig","status":"publish","type":"product","link":"https:\/\/www.franciskani.si\/zbf\/izdelek\/posebna-ponudba-komplet-3-knjig\/","title":{"rendered":"POSEBNA PONUDBA \u2013 komplet 3 knjig"},"content":{"rendered":"<h1 class=\"product_title entry-title\"><span style=\"font-size: 16px\">Christian Goste\u010dnik OFM<\/span><\/h1>\n<div class=\"woocommerce-product-details__short-description\">\n<p>Ljubljana 2014, 2015, 2016<\/p>\n<\/div>\n<h4>Zakaj se te bojim?<\/h4>\n<p>Partnerski odnos je najznamenitej\u0161a arena intime, v kateri se lahko razre\u0161ujejo prvinska ob\u010dutja, vzpostavljena v odnosu s star\u0161i v najzgodnej\u0161i mladosti. V zaljubljenosti se te vsebine iz mladosti z vso strastnostjo in milino, z vso bole\u010dino in grenkobo prebudijo na novo, in sicer z namenom, da bi jih tokrat razre\u0161ili, za kar pa se morata partnerja zavestno odlo\u010diti.<\/p>\n<p>ISBN 978-961-6873-42-0<br \/>\nFormat: 14 x 20 cm, trda vezava, 420 strani<\/p>\n<h4>So res vsega krivi star\u0161i<\/h4>\n<p>Mladostnik je izjemno ranljiv, saj se v njem poraja \u010dut za drugega, hrepenenje, ljubezen, so\u010dutje. Ob tem bolj kot kdajkoli potrebuje vodstvo star\u0161ev, ki v sebi najdejo toliko miru, da razmejijo lastne probleme, ki se spro\u017eijo ob mladostniku, od njegovih, ki mu jih je treba pomagati razre\u0161iti. Mladostnikov problem je vedno problem vse dru\u017eine. Star\u0161i mu lahko tu stojijo ob strani in ga usmerjajo ali pa se z njim prepirajo in razdor \u0161e poglabljajo. Zato je star\u0161evstvo v tem razdobju ena najte\u017ejih nalog, obenem pa prina\u0161a tudi najve\u010dje zado\u0161\u010denje, ko vidijo, da njihov mladostnik odhaja v \u017eivljenje zdrav in funkcionalen.<\/p>\n<p>ISBN 978-961-6873-29-1<br \/>\nFormat 14\u00d720 cm, trda vezava, obseg 312 strani<\/p>\n<h4>Je res vsega kriv partner?<\/h4>\n<p>Vstop v odnos, zlasti zakonski, zahteva svobodo posameznika, ki se odlo\u010di, da bo v ta odnos investiral najbolj\u0161ega sebe in tam tudi vztrajal zaradi sebe, sodeloval in ustvarjal zaradi sebe, ker se je tako odlo\u010dil. Z vstopom v drugega in deljenjem intime se medsebojno gradita in postajata eno. S tem, ko vstopata drug drugemu v \u010dustveni svet in ustvarjata intimo, ko vstopata drug drugemu v telo, pa postajata podobna Bogu, ki ustvarja.<\/p>\n<p>ISBN 978-961-6873-38-3<br \/>\nFormat: 14 x 20 cm, trda vezava, 400 strani<\/p>\n<p class=\"price\"><span class=\"woocommerce-Price-amount amount\">39,00\u00a0<span class=\"woocommerce-Price-currencySymbol\">\u20ac<\/span><\/span><\/p>\n","protected":false},"excerpt":{"rendered":"<p>Christian Goste\u010dnik OFM Ljubljana 2014, 2015, 2016 Zakaj se te bojim? Partnerski odnos je najznamenitej\u0161a arena intime, v kateri se lahko razre\u0161ujejo prvinska ob\u010dutja, vzpostavljena v odnosu s star\u0161i v najzgodnej\u0161i mladosti. V zaljubljenosti se te vsebine iz mladosti z vso strastnostjo in milino, z vso bole\u010dino in grenkobo prebudijo na novo, in sicer z [&hellip;]<\/p>\n","protected":false},"featured_media":812,"comment_status":"open","ping_status":"closed","template":"","meta":[],"product_brand":[],"product_cat":[35,120],"product_tag":[72],"class_list":{"0":"post-811","1":"product","2":"type-product","3":"status-publish","4":"has-post-thumbnail","6":"product_cat-monografije-fdi","7":"product_cat-uncategorized","8":"product_tag-christian-gostecnik-ofm","10":"first","11":"instock","12":"taxable","13":"shipping-taxable","14":"purchasable","15":"product-type-simple"},"_links":{"self":[{"href":"https:\/\/www.franciskani.si\/zbf\/wp-json\/wp\/v2\/product\/811","targetHints":{"allow":["GET"]}}],"collection":[{"href":"https:\/\/www.franciskani.si\/zbf\/wp-json\/wp\/v2\/product"}],"about":[{"href":"https:\/\/www.franciskani.si\/zbf\/wp-json\/wp\/v2\/types\/product"}],"replies":[{"embeddable":true,"href":"https:\/\/www.franciskani.si\/zbf\/wp-json\/wp\/v2\/comments?post=811"}],"wp:featuredmedia":[{"embeddable":true,"href":"https:\/\/www.franciskani.si\/zbf\/wp-json\/wp\/v2\/media\/812"}],"wp:attachment":[{"href":"https:\/\/www.franciskani.si\/zbf\/wp-json\/wp\/v2\/media?parent=811"}],"wp:term":[{"taxonomy":"product_brand","embeddable":true,"href":"https:\/\/www.franciskani.si\/zbf\/wp-json\/wp\/v2\/product_brand?post=811"},{"taxonomy":"product_cat","embeddable":true,"href":"https:\/\/www.franciskani.si\/zbf\/wp-json\/wp\/v2\/product_cat?post=811"},{"taxonomy":"product_tag","embeddable":true,"href":"https:\/\/www.franciskani.si\/zbf\/wp-json\/wp\/v2\/product_tag?post=811"}],"curies":[{"name":"wp","href":"https:\/\/api.w.org\/{rel}","templated":true}]}}