{"id":897,"date":"2021-05-07T10:41:54","date_gmt":"2021-05-07T08:41:54","guid":{"rendered":"https:\/\/www.franciskani.si\/zbf\/?post_type=product&#038;p=897"},"modified":"2024-08-06T14:02:55","modified_gmt":"2024-08-06T12:02:55","slug":"le-za-kristusa-pesmarica-mpp","status":"publish","type":"product","link":"https:\/\/www.franciskani.si\/zbf\/izdelek\/le-za-kristusa-pesmarica-mpp\/","title":{"rendered":"Le za Kristusa : pesmarica MPP"},"content":{"rendered":"<h1><strong>SPET NA ZALOGI!!<\/strong><\/h1>\n<p><strong>Le za Kristusa \u2013 pesmarica Zbora MPP<\/strong> (mladost pesem prijateljstvo)<br \/>\n<strong>Pesmarica sodobne kr\u0161\u010danske glasbe<\/strong><\/p>\n<p>Zbrala in pripravila: Marjetka Grmek<\/p>\n<p>O\u017eji sodelavci: Veronika Hrovat, Izak \u0160pajzer, Jan Kri\u017eni\u010d, Teja Sulejmanovi\u010d, Marta Vidmar, Ma\u0161a Gabrijel<\/p>\n<p>Zbor MPP se je oblikoval pred pribli\u017eno 30 leti kot glasbena podpora sredinim \u0161tudentskim ma\u0161am pri fran\u010di\u0161kanih v Ljubljani na Tromostovju. V njegovem repertoarju se je nabralo veliko sodobne kr\u0161\u010danske glasbe, vedno ve\u010d tudi izvirne, napisane za ta zbor in prav v tem zboru. Znani so postali tudi letni koncerti zbora, ki so bili izjemno dobro obiskani.<br \/>\nV tej pesmarici zbor MPP nekaj od vsega tega ponuja ne le svojim sedanjim in biv\u0161im \u010dlanom za redno rabo (upamo, da bo \u010dimprej mo\u017ena!), ampak tudi vsem poslu\u0161alcem, ki bi radi zapeli skupaj z njimi, in tudi drugim bogoslu\u017enim glasbenim zasedbam, ki jih nagovarja ta na\u010din sodelovanja in ki s takim petjem \u017eelijo nagovarjati udele\u017eence bogoslu\u017eja.<\/p>\n<p>Obseg: 168 strani<br \/>\nFormat: 24 \u00d7 17 cm<\/p>\n<p>&nbsp;<\/p>\n","protected":false},"excerpt":{"rendered":"<p>SPET NA ZALOGI!! Le za Kristusa \u2013 pesmarica Zbora MPP (mladost pesem prijateljstvo) Pesmarica sodobne kr\u0161\u010danske glasbe Zbrala in pripravila: Marjetka Grmek O\u017eji sodelavci: Veronika Hrovat, Izak \u0160pajzer, Jan Kri\u017eni\u010d, Teja Sulejmanovi\u010d, Marta Vidmar, Ma\u0161a Gabrijel Zbor MPP se je oblikoval pred pribli\u017eno 30 leti kot glasbena podpora sredinim \u0161tudentskim ma\u0161am pri fran\u010di\u0161kanih v Ljubljani [&hellip;]<\/p>\n","protected":false},"featured_media":898,"comment_status":"open","ping_status":"closed","template":"","meta":[],"product_brand":[],"product_cat":[120,36],"product_tag":[],"class_list":{"0":"post-897","1":"product","2":"type-product","3":"status-publish","4":"has-post-thumbnail","6":"product_cat-uncategorized","7":"product_cat-zunaj-zbirk","9":"first","10":"instock","11":"taxable","12":"shipping-taxable","13":"purchasable","14":"product-type-simple"},"_links":{"self":[{"href":"https:\/\/www.franciskani.si\/zbf\/wp-json\/wp\/v2\/product\/897","targetHints":{"allow":["GET"]}}],"collection":[{"href":"https:\/\/www.franciskani.si\/zbf\/wp-json\/wp\/v2\/product"}],"about":[{"href":"https:\/\/www.franciskani.si\/zbf\/wp-json\/wp\/v2\/types\/product"}],"replies":[{"embeddable":true,"href":"https:\/\/www.franciskani.si\/zbf\/wp-json\/wp\/v2\/comments?post=897"}],"wp:featuredmedia":[{"embeddable":true,"href":"https:\/\/www.franciskani.si\/zbf\/wp-json\/wp\/v2\/media\/898"}],"wp:attachment":[{"href":"https:\/\/www.franciskani.si\/zbf\/wp-json\/wp\/v2\/media?parent=897"}],"wp:term":[{"taxonomy":"product_brand","embeddable":true,"href":"https:\/\/www.franciskani.si\/zbf\/wp-json\/wp\/v2\/product_brand?post=897"},{"taxonomy":"product_cat","embeddable":true,"href":"https:\/\/www.franciskani.si\/zbf\/wp-json\/wp\/v2\/product_cat?post=897"},{"taxonomy":"product_tag","embeddable":true,"href":"https:\/\/www.franciskani.si\/zbf\/wp-json\/wp\/v2\/product_tag?post=897"}],"curies":[{"name":"wp","href":"https:\/\/api.w.org\/{rel}","templated":true}]}}