{"id":950,"date":"2021-08-16T11:02:49","date_gmt":"2021-08-16T09:02:49","guid":{"rendered":"https:\/\/www.franciskani.si\/zbf\/?post_type=product&#038;p=950"},"modified":"2021-08-26T11:43:36","modified_gmt":"2021-08-26T09:43:36","slug":"besede-zivljenja-5-preroki-in-spisi","status":"publish","type":"product","link":"https:\/\/www.franciskani.si\/zbf\/izdelek\/besede-zivljenja-5-preroki-in-spisi\/","title":{"rendered":"Besede \u017eivljenja 5; Preroki in spisi"},"content":{"rendered":"<p><strong>Silvin Krajnc OFM, Jelka Melik, \u017diva Melik<\/strong><\/p>\n<p>Knjige z naslovom Besede \u017eivljenja so napisane z namenom, da bi dopolnile in obogatile osnovno\u0161olski verouk. Ta je \u017ee peta po vrsti. Pribli\u017eati \u017eeli drugi in tretji del hebrejske bibilije \u2013 PREROKE (hebrejsko NEBIIM) in SPISE (hebrejsko KETUBIM).<\/p>\n<p>Obseg 168 strani<br \/>\nFormat 21,0 \u00d7 29,7 cm<br \/>\nMehka vezava<\/p>\n<p><a href=\"https:\/\/www.franciskani.si\/zbf\/wp-content\/uploads\/2021\/08\/BZ5_reklama_1lekcija.pdf\" rel=\"noopener\" target=\"_blank\"><strong>Pokukajte v 1. lekcijo (PDF) >>><\/strong><\/a><\/p>\n","protected":false},"excerpt":{"rendered":"<p>Silvin Krajnc OFM, Jelka Melik, \u017diva Melik Knjige z naslovom Besede \u017eivljenja so napisane z namenom, da bi dopolnile in obogatile osnovno\u0161olski verouk. Ta je \u017ee peta po vrsti. Pribli\u017eati \u017eeli drugi in tretji del hebrejske bibilije \u2013 PREROKE (hebrejsko NEBIIM) in SPISE (hebrejsko KETUBIM). Obseg 168 strani Format 21,0 \u00d7 29,7 cm Mehka vezava [&hellip;]<\/p>\n","protected":false},"featured_media":956,"comment_status":"open","ping_status":"closed","template":"","meta":[],"product_brand":[],"product_cat":[118],"product_tag":[61],"class_list":{"0":"post-950","1":"product","2":"type-product","3":"status-publish","4":"has-post-thumbnail","6":"product_cat-besede-zivljenja","7":"product_tag-silvin-krajnc-ofm","9":"first","10":"instock","11":"taxable","12":"shipping-taxable","13":"purchasable","14":"product-type-simple"},"_links":{"self":[{"href":"https:\/\/www.franciskani.si\/zbf\/wp-json\/wp\/v2\/product\/950","targetHints":{"allow":["GET"]}}],"collection":[{"href":"https:\/\/www.franciskani.si\/zbf\/wp-json\/wp\/v2\/product"}],"about":[{"href":"https:\/\/www.franciskani.si\/zbf\/wp-json\/wp\/v2\/types\/product"}],"replies":[{"embeddable":true,"href":"https:\/\/www.franciskani.si\/zbf\/wp-json\/wp\/v2\/comments?post=950"}],"wp:featuredmedia":[{"embeddable":true,"href":"https:\/\/www.franciskani.si\/zbf\/wp-json\/wp\/v2\/media\/956"}],"wp:attachment":[{"href":"https:\/\/www.franciskani.si\/zbf\/wp-json\/wp\/v2\/media?parent=950"}],"wp:term":[{"taxonomy":"product_brand","embeddable":true,"href":"https:\/\/www.franciskani.si\/zbf\/wp-json\/wp\/v2\/product_brand?post=950"},{"taxonomy":"product_cat","embeddable":true,"href":"https:\/\/www.franciskani.si\/zbf\/wp-json\/wp\/v2\/product_cat?post=950"},{"taxonomy":"product_tag","embeddable":true,"href":"https:\/\/www.franciskani.si\/zbf\/wp-json\/wp\/v2\/product_tag?post=950"}],"curies":[{"name":"wp","href":"https:\/\/api.w.org\/{rel}","templated":true}]}}