{"id":983,"date":"2021-09-30T14:43:57","date_gmt":"2021-09-30T12:43:57","guid":{"rendered":"https:\/\/www.franciskani.si\/zbf\/?post_type=product&#038;p=983"},"modified":"2021-10-01T08:21:09","modified_gmt":"2021-10-01T06:21:09","slug":"tomaz-celanski-zivljenje-svetaga-franciska","status":"publish","type":"product","link":"https:\/\/www.franciskani.si\/zbf\/izdelek\/tomaz-celanski-zivljenje-svetaga-franciska\/","title":{"rendered":"Toma\u017e \u010celanski: \u017divljenje svetega Fran\u010di\u0161ka"},"content":{"rendered":"<p>Ljubljana, 2014<\/p>\n<p>Prvi in uradni \u017eivljenjepis sv. Fran\u010di\u0161ka, ki je bil napisan ob njegovi kanonizaciji.<br \/>\nStoletja skrit in pozabljen.<br \/>\nZadnjih 100 let pa temeljni vir za njegove sodobne biografije.<\/p>\n<p>Format: 21\u00a0 \u00d7 13 cm, 172 strani, trda vezava.<\/p>\n<p>ISBN 978-961-6873-31-4<\/p>\n","protected":false},"excerpt":{"rendered":"<p>Ljubljana, 2014 Prvi in uradni \u017eivljenjepis sv. Fran\u010di\u0161ka, ki je bil napisan ob njegovi kanonizaciji. Stoletja skrit in pozabljen. Zadnjih 100 let pa temeljni vir za njegove sodobne biografije. Format: 21\u00a0 \u00d7 13 cm, 172 strani, trda vezava. ISBN 978-961-6873-31-4<\/p>\n","protected":false},"featured_media":986,"comment_status":"open","ping_status":"closed","template":"","meta":[],"product_brand":[],"product_cat":[23],"product_tag":[100],"class_list":{"0":"post-983","1":"product","2":"type-product","3":"status-publish","4":"has-post-thumbnail","6":"product_cat-asiski-vir","7":"product_tag-miran-spelic-ofm","9":"first","10":"instock","11":"taxable","12":"shipping-taxable","13":"purchasable","14":"product-type-simple"},"_links":{"self":[{"href":"https:\/\/www.franciskani.si\/zbf\/wp-json\/wp\/v2\/product\/983","targetHints":{"allow":["GET"]}}],"collection":[{"href":"https:\/\/www.franciskani.si\/zbf\/wp-json\/wp\/v2\/product"}],"about":[{"href":"https:\/\/www.franciskani.si\/zbf\/wp-json\/wp\/v2\/types\/product"}],"replies":[{"embeddable":true,"href":"https:\/\/www.franciskani.si\/zbf\/wp-json\/wp\/v2\/comments?post=983"}],"wp:featuredmedia":[{"embeddable":true,"href":"https:\/\/www.franciskani.si\/zbf\/wp-json\/wp\/v2\/media\/986"}],"wp:attachment":[{"href":"https:\/\/www.franciskani.si\/zbf\/wp-json\/wp\/v2\/media?parent=983"}],"wp:term":[{"taxonomy":"product_brand","embeddable":true,"href":"https:\/\/www.franciskani.si\/zbf\/wp-json\/wp\/v2\/product_brand?post=983"},{"taxonomy":"product_cat","embeddable":true,"href":"https:\/\/www.franciskani.si\/zbf\/wp-json\/wp\/v2\/product_cat?post=983"},{"taxonomy":"product_tag","embeddable":true,"href":"https:\/\/www.franciskani.si\/zbf\/wp-json\/wp\/v2\/product_tag?post=983"}],"curies":[{"name":"wp","href":"https:\/\/api.w.org\/{rel}","templated":true}]}}